{"id":36524,"date":"2025-04-22T15:46:17","date_gmt":"2025-04-22T12:16:17","guid":{"rendered":"https:\/\/nsgco.ir\/nsg\/tr\/?page_id=36524"},"modified":"2025-08-17T11:27:55","modified_gmt":"2025-08-17T07:57:55","slug":"laboratuvar-onayi","status":"publish","type":"page","link":"https:\/\/nsgco.co\/tr\/laboratuvar-onayi\/","title":{"rendered":"Laboratuvar onay\u0131"},"content":{"rendered":"\t\t<div data-elementor-type=\"wp-page\" data-elementor-id=\"36524\" class=\"elementor elementor-36524\" data-elementor-post-type=\"page\">\n\t\t\t\t\t\t<section data-particle_enable=\"false\" data-particle-mobile-disabled=\"false\" class=\"elementor-section elementor-top-section elementor-element elementor-element-3306a30 elementor-section-boxed elementor-section-height-default elementor-section-height-default\" data-id=\"3306a30\" data-element_type=\"section\">\n\t\t\t\t\t\t<div class=\"elementor-container elementor-column-gap-no\">\n\t\t\t\t\t<div class=\"elementor-column elementor-col-100 elementor-top-column elementor-element elementor-element-d5b586f\" data-id=\"d5b586f\" data-element_type=\"column\" data-settings=\"{&quot;background_background&quot;:&quot;classic&quot;}\">\n\t\t\t<div class=\"elementor-widget-wrap elementor-element-populated\">\n\t\t\t\t\t\t<section data-particle_enable=\"false\" data-particle-mobile-disabled=\"false\" class=\"elementor-section elementor-inner-section elementor-element elementor-element-2f8ebd9 elementor-section-boxed elementor-section-height-default elementor-section-height-default\" data-id=\"2f8ebd9\" data-element_type=\"section\">\n\t\t\t\t\t\t<div class=\"elementor-container elementor-column-gap-no\">\n\t\t\t\t\t<div class=\"elementor-column elementor-col-50 elementor-inner-column elementor-element elementor-element-3c7ab18\" data-id=\"3c7ab18\" data-element_type=\"column\">\n\t\t\t<div class=\"elementor-widget-wrap elementor-element-populated\">\n\t\t\t\t\t\t<div class=\"elementor-element elementor-element-f9f575d elementor-widget elementor-widget-shortcode\" data-id=\"f9f575d\" data-element_type=\"widget\" data-widget_type=\"shortcode.default\">\n\t\t\t\t<div class=\"elementor-widget-container\">\n\t\t\t\t\t\t\t<div class=\"elementor-shortcode\"><nav aria-label=\"breadcrumbs\" class=\"rank-math-breadcrumb\"><p><span class=\"last\">Ana sayfa<\/span><\/p><\/nav><\/div>\n\t\t\t\t\t\t<\/div>\n\t\t\t\t<\/div>\n\t\t\t\t\t<\/div>\n\t\t<\/div>\n\t\t\t\t<div class=\"elementor-column elementor-col-50 elementor-inner-column elementor-element elementor-element-0887679\" data-id=\"0887679\" data-element_type=\"column\">\n\t\t\t<div class=\"elementor-widget-wrap\">\n\t\t\t\t\t\t\t<\/div>\n\t\t<\/div>\n\t\t\t\t\t<\/div>\n\t\t<\/section>\n\t\t\t\t\t<\/div>\n\t\t<\/div>\n\t\t\t\t\t<\/div>\n\t\t<\/section>\n\t\t\t\t<section data-particle_enable=\"false\" data-particle-mobile-disabled=\"false\" class=\"elementor-section elementor-top-section elementor-element elementor-element-cd29022 elementor-section-boxed elementor-section-height-default elementor-section-height-default\" data-id=\"cd29022\" data-element_type=\"section\">\n\t\t\t\t\t\t<div class=\"elementor-container elementor-column-gap-default\">\n\t\t\t\t\t<div class=\"elementor-column elementor-col-100 elementor-top-column elementor-element elementor-element-477b6eb\" data-id=\"477b6eb\" data-element_type=\"column\" data-settings=\"{&quot;background_background&quot;:&quot;classic&quot;}\">\n\t\t\t<div class=\"elementor-widget-wrap elementor-element-populated\">\n\t\t\t\t\t\t<div class=\"elementor-element elementor-element-1e85f6c elementor-widget elementor-widget-heading\" data-id=\"1e85f6c\" data-element_type=\"widget\" data-widget_type=\"heading.default\">\n\t\t\t\t<div class=\"elementor-widget-container\">\n\t\t\t\t\t<h2 class=\"elementor-heading-title elementor-size-default\">A\u015fa\u011f\u0131daki belgeler do\u011frultusunda<\/h2>\t\t\t\t<\/div>\n\t\t\t\t<\/div>\n\t\t\t\t<div class=\"elementor-element elementor-element-4611818 elementor-widget elementor-widget-text-editor\" data-id=\"4611818\" data-element_type=\"widget\" data-widget_type=\"text-editor.default\">\n\t\t\t\t<div class=\"elementor-widget-container\">\n\t\t\t\t\t\t\t\t\t<p style=\"text-align: justify\">NSG \u00fcr\u00fcnlerinin kullan\u0131m\u0131, Z90, B70, N50 dahil olmak \u00fczere, i\u00e7me suyu depolar\u0131n\u0131n izolasyonu i\u00e7in sak\u0131ncal\u0131 de\u011fildir ve i\u00e7me suyunda mikrop, yosun, liken ve bakteri olu\u015fumuna neden olmaz.<\/p>\t\t\t\t\t\t\t\t<\/div>\n\t\t\t\t<\/div>\n\t\t\t\t<div class=\"elementor-element elementor-element-ab60064 elementor-widget elementor-widget-gallery\" data-id=\"ab60064\" data-element_type=\"widget\" data-settings=\"{&quot;gap&quot;:{&quot;unit&quot;:&quot;px&quot;,&quot;size&quot;:&quot;15&quot;,&quot;sizes&quot;:[]},&quot;aspect_ratio&quot;:&quot;1:1&quot;,&quot;image_hover_animation&quot;:&quot;grow&quot;,&quot;lazyload&quot;:&quot;yes&quot;,&quot;gallery_layout&quot;:&quot;grid&quot;,&quot;columns&quot;:4,&quot;columns_tablet&quot;:2,&quot;columns_mobile&quot;:1,&quot;gap_tablet&quot;:{&quot;unit&quot;:&quot;px&quot;,&quot;size&quot;:10,&quot;sizes&quot;:[]},&quot;gap_mobile&quot;:{&quot;unit&quot;:&quot;px&quot;,&quot;size&quot;:10,&quot;sizes&quot;:[]},&quot;link_to&quot;:&quot;file&quot;,&quot;overlay_background&quot;:&quot;yes&quot;,&quot;content_hover_animation&quot;:&quot;fade-in&quot;}\" data-widget_type=\"gallery.default\">\n\t\t\t\t<div class=\"elementor-widget-container\">\n\t\t\t\t\t\t\t<div class=\"elementor-gallery__container\">\n\t\t\t\t\t\t\t<a class=\"e-gallery-item elementor-gallery-item elementor-animated-content\" href=\"https:\/\/nsgco.co\/tr\/wp-content\/uploads\/sites\/2\/2025\/04\/\u062a\u0627\u06cc\u06cc\u062f\u06cc\u0647-5.jpg\" data-elementor-open-lightbox=\"yes\" data-elementor-lightbox-slideshow=\"ab60064\" data-elementor-lightbox-title=\"\u062a\u0627\u06cc\u06cc\u062f\u06cc\u0647-5.jpg\" data-e-action-hash=\"#elementor-action%3Aaction%3Dlightbox%26settings%3DeyJpZCI6MzY1NDEsInVybCI6Imh0dHBzOlwvXC9uc2djby5jb1wvdHJcL3dwLWNvbnRlbnRcL3VwbG9hZHNcL3NpdGVzXC8yXC8yMDI1XC8wNFwvXHUwNjJhXHUwNjI3XHUwNmNjXHUwNmNjXHUwNjJmXHUwNmNjXHUwNjQ3LTUuanBnIiwic2xpZGVzaG93IjoiYWI2MDA2NCJ9\">\n\t\t\t\t\t<div class=\"e-gallery-image elementor-gallery-item__image\" data-thumbnail=\"https:\/\/nsgco.co\/tr\/wp-content\/uploads\/sites\/2\/2025\/04\/\u062a\u0627\u06cc\u06cc\u062f\u06cc\u0647-5.jpg\" data-width=\"800\" data-height=\"582\" aria-label=\"\" role=\"img\" ><\/div>\n\t\t\t\t\t\t\t\t\t\t\t<div class=\"elementor-gallery-item__overlay\"><\/div>\n\t\t\t\t\t\t\t\t\t\t\t\t\t\t<\/a>\n\t\t\t\t\t\t\t<a class=\"e-gallery-item elementor-gallery-item elementor-animated-content\" href=\"https:\/\/nsgco.co\/tr\/wp-content\/uploads\/sites\/2\/2025\/04\/\u062a\u0627\u06cc\u06cc\u062f\u06cc\u0647-3.jpg\" data-elementor-open-lightbox=\"yes\" data-elementor-lightbox-slideshow=\"ab60064\" data-elementor-lightbox-title=\"\u062a\u0627\u06cc\u06cc\u062f\u06cc\u0647-3.jpg\" data-e-action-hash=\"#elementor-action%3Aaction%3Dlightbox%26settings%3DeyJpZCI6MzY1NDIsInVybCI6Imh0dHBzOlwvXC9uc2djby5jb1wvdHJcL3dwLWNvbnRlbnRcL3VwbG9hZHNcL3NpdGVzXC8yXC8yMDI1XC8wNFwvXHUwNjJhXHUwNjI3XHUwNmNjXHUwNmNjXHUwNjJmXHUwNmNjXHUwNjQ3LTMuanBnIiwic2xpZGVzaG93IjoiYWI2MDA2NCJ9\">\n\t\t\t\t\t<div class=\"e-gallery-image elementor-gallery-item__image\" data-thumbnail=\"https:\/\/nsgco.co\/tr\/wp-content\/uploads\/sites\/2\/2025\/04\/\u062a\u0627\u06cc\u06cc\u062f\u06cc\u0647-3.jpg\" data-width=\"800\" data-height=\"1162\" aria-label=\"\" role=\"img\" ><\/div>\n\t\t\t\t\t\t\t\t\t\t\t<div class=\"elementor-gallery-item__overlay\"><\/div>\n\t\t\t\t\t\t\t\t\t\t\t\t\t\t<\/a>\n\t\t\t\t\t\t\t<a class=\"e-gallery-item elementor-gallery-item elementor-animated-content\" href=\"https:\/\/nsgco.co\/tr\/wp-content\/uploads\/sites\/2\/2025\/04\/\u062a\u0627\u06cc\u06cc\u062f\u06cc\u0647-2.jpg\" data-elementor-open-lightbox=\"yes\" data-elementor-lightbox-slideshow=\"ab60064\" data-elementor-lightbox-title=\"\u062a\u0627\u06cc\u06cc\u062f\u06cc\u0647-2.jpg\" data-e-action-hash=\"#elementor-action%3Aaction%3Dlightbox%26settings%3DeyJpZCI6MzY1NDMsInVybCI6Imh0dHBzOlwvXC9uc2djby5jb1wvdHJcL3dwLWNvbnRlbnRcL3VwbG9hZHNcL3NpdGVzXC8yXC8yMDI1XC8wNFwvXHUwNjJhXHUwNjI3XHUwNmNjXHUwNmNjXHUwNjJmXHUwNmNjXHUwNjQ3LTIuanBnIiwic2xpZGVzaG93IjoiYWI2MDA2NCJ9\">\n\t\t\t\t\t<div class=\"e-gallery-image elementor-gallery-item__image\" data-thumbnail=\"https:\/\/nsgco.co\/tr\/wp-content\/uploads\/sites\/2\/2025\/04\/\u062a\u0627\u06cc\u06cc\u062f\u06cc\u0647-2.jpg\" data-width=\"800\" data-height=\"1162\" aria-label=\"\" role=\"img\" ><\/div>\n\t\t\t\t\t\t\t\t\t\t\t<div class=\"elementor-gallery-item__overlay\"><\/div>\n\t\t\t\t\t\t\t\t\t\t\t\t\t\t<\/a>\n\t\t\t\t\t\t\t<a class=\"e-gallery-item elementor-gallery-item elementor-animated-content\" href=\"https:\/\/nsgco.co\/tr\/wp-content\/uploads\/sites\/2\/2025\/04\/\u062a\u0627\u06cc\u06cc\u062f\u06cc\u0647-1.jpg\" data-elementor-open-lightbox=\"yes\" data-elementor-lightbox-slideshow=\"ab60064\" data-elementor-lightbox-title=\"\u062a\u0627\u06cc\u06cc\u062f\u06cc\u0647-1.jpg\" data-e-action-hash=\"#elementor-action%3Aaction%3Dlightbox%26settings%3DeyJpZCI6MzY1NDQsInVybCI6Imh0dHBzOlwvXC9uc2djby5jb1wvdHJcL3dwLWNvbnRlbnRcL3VwbG9hZHNcL3NpdGVzXC8yXC8yMDI1XC8wNFwvXHUwNjJhXHUwNjI3XHUwNmNjXHUwNmNjXHUwNjJmXHUwNmNjXHUwNjQ3LTEuanBnIiwic2xpZGVzaG93IjoiYWI2MDA2NCJ9\">\n\t\t\t\t\t<div class=\"e-gallery-image elementor-gallery-item__image\" data-thumbnail=\"https:\/\/nsgco.co\/tr\/wp-content\/uploads\/sites\/2\/2025\/04\/\u062a\u0627\u06cc\u06cc\u062f\u06cc\u0647-1.jpg\" data-width=\"800\" data-height=\"1162\" aria-label=\"\" role=\"img\" ><\/div>\n\t\t\t\t\t\t\t\t\t\t\t<div class=\"elementor-gallery-item__overlay\"><\/div>\n\t\t\t\t\t\t\t\t\t\t\t\t\t\t<\/a>\n\t\t\t\t\t<\/div>\n\t\t\t\t\t<\/div>\n\t\t\t\t<\/div>\n\t\t\t\t\t<\/div>\n\t\t<\/div>\n\t\t\t\t\t<\/div>\n\t\t<\/section>\n\t\t\t\t<\/div>\n\t\t","protected":false},"excerpt":{"rendered":"<p>A\u015fa\u011f\u0131daki belgeler do\u011frultusunda NSG \u00fcr\u00fcnlerinin kullan\u0131m\u0131, Z90, B70, N50 dahil olmak \u00fczere, i\u00e7me suyu depolar\u0131n\u0131n izolasyonu i\u00e7in sak\u0131ncal\u0131 de\u011fildir ve i\u00e7me suyunda mikrop, yosun, liken ve bakteri olu\u015fumuna neden olmaz.<\/p>\n","protected":false},"author":4,"featured_media":0,"parent":0,"menu_order":0,"comment_status":"closed","ping_status":"closed","template":"elementor_header_footer","meta":{"footnotes":""},"class_list":["post-36524","page","type-page","status-publish","hentry"],"_links":{"self":[{"href":"https:\/\/nsgco.co\/tr\/wp-json\/wp\/v2\/pages\/36524","targetHints":{"allow":["GET"]}}],"collection":[{"href":"https:\/\/nsgco.co\/tr\/wp-json\/wp\/v2\/pages"}],"about":[{"href":"https:\/\/nsgco.co\/tr\/wp-json\/wp\/v2\/types\/page"}],"author":[{"embeddable":true,"href":"https:\/\/nsgco.co\/tr\/wp-json\/wp\/v2\/users\/4"}],"replies":[{"embeddable":true,"href":"https:\/\/nsgco.co\/tr\/wp-json\/wp\/v2\/comments?post=36524"}],"version-history":[{"count":4,"href":"https:\/\/nsgco.co\/tr\/wp-json\/wp\/v2\/pages\/36524\/revisions"}],"predecessor-version":[{"id":39025,"href":"https:\/\/nsgco.co\/tr\/wp-json\/wp\/v2\/pages\/36524\/revisions\/39025"}],"wp:attachment":[{"href":"https:\/\/nsgco.co\/tr\/wp-json\/wp\/v2\/media?parent=36524"}],"curies":[{"name":"wp","href":"https:\/\/api.w.org\/{rel}","templated":true}]}}