{"id":36550,"date":"2025-04-22T17:07:59","date_gmt":"2025-04-22T13:37:59","guid":{"rendered":"https:\/\/nsgco.ir\/nsg\/tr\/?page_id=36550"},"modified":"2025-08-17T11:28:15","modified_gmt":"2025-08-17T07:58:15","slug":"nsg-muhendislik-grubu-hakkinda","status":"publish","type":"page","link":"https:\/\/nsgco.co\/tr\/nsg-muhendislik-grubu-hakkinda\/","title":{"rendered":"NSG m\u00fchendislik grubu hakk\u0131nda"},"content":{"rendered":"\t\t<div data-elementor-type=\"wp-page\" data-elementor-id=\"36550\" class=\"elementor elementor-36550\" data-elementor-post-type=\"page\">\n\t\t\t\t\t\t<section data-particle_enable=\"false\" data-particle-mobile-disabled=\"false\" class=\"elementor-section elementor-top-section elementor-element elementor-element-7de9aef elementor-section-boxed elementor-section-height-default elementor-section-height-default\" data-id=\"7de9aef\" data-element_type=\"section\">\n\t\t\t\t\t\t<div class=\"elementor-container elementor-column-gap-no\">\n\t\t\t\t\t<div class=\"elementor-column elementor-col-100 elementor-top-column elementor-element elementor-element-12f5cdb\" data-id=\"12f5cdb\" data-element_type=\"column\" data-settings=\"{&quot;background_background&quot;:&quot;classic&quot;}\">\n\t\t\t<div class=\"elementor-widget-wrap elementor-element-populated\">\n\t\t\t\t\t\t<section data-particle_enable=\"false\" data-particle-mobile-disabled=\"false\" class=\"elementor-section elementor-inner-section elementor-element elementor-element-6174281 elementor-section-boxed elementor-section-height-default elementor-section-height-default\" data-id=\"6174281\" data-element_type=\"section\">\n\t\t\t\t\t\t<div class=\"elementor-container elementor-column-gap-no\">\n\t\t\t\t\t<div class=\"elementor-column elementor-col-50 elementor-inner-column elementor-element elementor-element-1b6198d\" data-id=\"1b6198d\" data-element_type=\"column\">\n\t\t\t<div class=\"elementor-widget-wrap elementor-element-populated\">\n\t\t\t\t\t\t<div class=\"elementor-element elementor-element-09fd36e elementor-widget elementor-widget-shortcode\" data-id=\"09fd36e\" data-element_type=\"widget\" data-widget_type=\"shortcode.default\">\n\t\t\t\t<div class=\"elementor-widget-container\">\n\t\t\t\t\t\t\t<div class=\"elementor-shortcode\"><nav aria-label=\"breadcrumbs\" class=\"rank-math-breadcrumb\"><p><span class=\"last\">Ana sayfa<\/span><\/p><\/nav><\/div>\n\t\t\t\t\t\t<\/div>\n\t\t\t\t<\/div>\n\t\t\t\t\t<\/div>\n\t\t<\/div>\n\t\t\t\t<div class=\"elementor-column elementor-col-50 elementor-inner-column elementor-element elementor-element-438da0a\" data-id=\"438da0a\" data-element_type=\"column\">\n\t\t\t<div class=\"elementor-widget-wrap\">\n\t\t\t\t\t\t\t<\/div>\n\t\t<\/div>\n\t\t\t\t\t<\/div>\n\t\t<\/section>\n\t\t\t\t\t<\/div>\n\t\t<\/div>\n\t\t\t\t\t<\/div>\n\t\t<\/section>\n\t\t\t\t<section data-particle_enable=\"false\" data-particle-mobile-disabled=\"false\" class=\"elementor-section elementor-top-section elementor-element elementor-element-a8dbc39 elementor-section-boxed elementor-section-height-default elementor-section-height-default\" data-id=\"a8dbc39\" data-element_type=\"section\">\n\t\t\t\t\t\t<div class=\"elementor-container elementor-column-gap-no\">\n\t\t\t\t\t<div class=\"elementor-column elementor-col-100 elementor-top-column elementor-element elementor-element-61f9ebd\" data-id=\"61f9ebd\" data-element_type=\"column\">\n\t\t\t<div class=\"elementor-widget-wrap elementor-element-populated\">\n\t\t\t\t\t\t<div class=\"elementor-element elementor-element-d8dd7c2 elementor-hidden-mobile elementor-widget elementor-widget-image\" data-id=\"d8dd7c2\" data-element_type=\"widget\" data-widget_type=\"image.default\">\n\t\t\t\t<div class=\"elementor-widget-container\">\n\t\t\t\t\t\t\t\t\t\t\t\t\t\t\t<img fetchpriority=\"high\" decoding=\"async\" width=\"1300\" height=\"300\" src=\"https:\/\/nsgco.co\/tr\/wp-content\/uploads\/sites\/2\/2025\/04\/about-us-turkish.jpg\" class=\"attachment-full size-full wp-image-36558\" alt=\"\" srcset=\"https:\/\/nsgco.co\/tr\/wp-content\/uploads\/sites\/2\/2025\/04\/about-us-turkish.jpg 1300w, https:\/\/nsgco.co\/tr\/wp-content\/uploads\/sites\/2\/2025\/04\/about-us-turkish-300x69.jpg 300w, https:\/\/nsgco.co\/tr\/wp-content\/uploads\/sites\/2\/2025\/04\/about-us-turkish-1024x236.jpg 1024w, https:\/\/nsgco.co\/tr\/wp-content\/uploads\/sites\/2\/2025\/04\/about-us-turkish-768x177.jpg 768w\" sizes=\"(max-width: 1300px) 100vw, 1300px\" \/>\t\t\t\t\t\t\t\t\t\t\t\t\t\t\t<\/div>\n\t\t\t\t<\/div>\n\t\t\t\t<div class=\"elementor-element elementor-element-703f8d9 elementor-hidden-desktop elementor-hidden-tablet elementor-widget elementor-widget-image\" data-id=\"703f8d9\" data-element_type=\"widget\" data-widget_type=\"image.default\">\n\t\t\t\t<div class=\"elementor-widget-container\">\n\t\t\t\t\t\t\t\t\t\t\t\t\t\t\t<img decoding=\"async\" width=\"400\" height=\"334\" src=\"https:\/\/nsgco.co\/tr\/wp-content\/uploads\/sites\/2\/2025\/04\/about-us-turkish-mob.jpg\" class=\"attachment-full size-full wp-image-36559\" alt=\"\" srcset=\"https:\/\/nsgco.co\/tr\/wp-content\/uploads\/sites\/2\/2025\/04\/about-us-turkish-mob.jpg 400w, https:\/\/nsgco.co\/tr\/wp-content\/uploads\/sites\/2\/2025\/04\/about-us-turkish-mob-300x251.jpg 300w\" sizes=\"(max-width: 400px) 100vw, 400px\" \/>\t\t\t\t\t\t\t\t\t\t\t\t\t\t\t<\/div>\n\t\t\t\t<\/div>\n\t\t\t\t\t<\/div>\n\t\t<\/div>\n\t\t\t\t\t<\/div>\n\t\t<\/section>\n\t\t\t\t<section data-particle_enable=\"false\" data-particle-mobile-disabled=\"false\" class=\"elementor-section elementor-top-section elementor-element elementor-element-e1dc391 elementor-section-boxed elementor-section-height-default elementor-section-height-default\" data-id=\"e1dc391\" data-element_type=\"section\">\n\t\t\t\t\t\t<div class=\"elementor-container elementor-column-gap-default\">\n\t\t\t\t\t<div class=\"elementor-column elementor-col-100 elementor-top-column elementor-element elementor-element-cb3fb06\" data-id=\"cb3fb06\" data-element_type=\"column\" data-settings=\"{&quot;background_background&quot;:&quot;classic&quot;}\">\n\t\t\t<div class=\"elementor-widget-wrap elementor-element-populated\">\n\t\t\t\t\t\t<div class=\"elementor-element elementor-element-0b7d524 elementor-widget elementor-widget-heading\" data-id=\"0b7d524\" data-element_type=\"widget\" data-widget_type=\"heading.default\">\n\t\t\t\t<div class=\"elementor-widget-container\">\n\t\t\t\t\t<h2 class=\"elementor-heading-title elementor-size-default\">Hakk\u0131m\u0131zda<\/h2>\t\t\t\t<\/div>\n\t\t\t\t<\/div>\n\t\t\t\t<div class=\"elementor-element elementor-element-119107a elementor-widget__width-initial elementor-widget elementor-widget-text-editor\" data-id=\"119107a\" data-element_type=\"widget\" data-widget_type=\"text-editor.default\">\n\t\t\t\t<div class=\"elementor-widget-container\">\n\t\t\t\t\t\t\t\t\t<p>NSG uzman ve m\u00fchendislik grubu, in\u015faat sekt\u00f6r\u00fcn\u00fcn ilerlemesi ve geli\u015fmesinde bilgi odakl\u0131 ve etkin bir organizasyon olu\u015fturmak amac\u0131yla 2000 y\u0131l\u0131ndan itibaren faaliyetlerine ba\u015flam\u0131\u015f ve yeni teknolojileri sevgili \u00fclkemiz \u0130ran&#8217;da yerlile\u015ftirerek her zaman hizmete sunmu\u015ftur. yeni nesil s\u0131zd\u0131rmazl\u0131k ve yal\u0131t\u0131m \u00fcr\u00fcnleri aras\u0131nda nem, beton ve har\u00e7 katk\u0131lar\u0131, \u00e7e\u015fitli re\u00e7ineler ve yap\u0131 yap\u0131\u015ft\u0131r\u0131c\u0131lar\u0131 yer almaktad\u0131r.<\/p><p>Bu koleksiyonun \u00fcr\u00fcnleri \u00e7o\u011funlukla nano teknoloji kullan\u0131larak \u00fcretilmekte ve su bazl\u0131 olup, geleneksel zahmetli ve riskli y\u00f6ntemlere olduk\u00e7a ideal ve uygun bir alternatif olu\u015fturmaktad\u0131r.NSG uzman ve m\u00fchendislik grubu, en ba\u015f\u0131ndan beri, teknik ve uzman g\u00fc\u00e7ler yeti\u015ftirerek, insan sermayesinin bilgisine g\u00fcvenerek, yeni bilimsel ve m\u00fchendislik \u00e7\u00f6z\u00fcmlerinden yararlanarak, yeni teknolojileri kullanarak ve fabrikalar\u0131nda geli\u015fmi\u015f laboratuvarlar donatarak, bu konuda \u00e7aba harcam\u0131\u015ft\u0131r.<\/p><p>portf\u00f6y\u00fcne Sanayi ve aile \u00fcr\u00fcnlerini ayn\u0131 anda sunmak ve \u015firketin ve in\u015faat sekt\u00f6r\u00fcn\u00fcn b\u00fcy\u00fcmesinde yeni bir kilometre ta\u015f\u0131 olu\u015fturmay\u0131 ve tutkal ve su yal\u0131t\u0131m\u0131 pazar\u0131ndan b\u00fcy\u00fck bir pay almay\u0131 ba\u015fard\u0131.<\/p><p>Bu \u015firketin faaliyeti sadece \u00fcr\u00fcnlerin pazarda sat\u0131\u015f\u0131 ve da\u011f\u0131t\u0131m\u0131 ile s\u0131n\u0131rl\u0131 olmay\u0131p; ancak dan\u0131\u015fmanl\u0131k ve proje de\u011ferlendirmesi (ihtiya\u00e7 de\u011ferlendirmesi, etkili y\u00f6ntemler sa\u011flamak ve her projenin \u00f6zelliklerine uygun bir \u00fcr\u00fcn\u00fcn se\u00e7ilmesine yard\u0131mc\u0131 olmak), teknik ve finansal tahmin (maliyetlerin kaba tahmini, eylem ve operasyonlar\u0131n a\u00e7\u0131klamas\u0131) gibi hizmetlerin sa\u011flanmas\u0131nda \u00f6zel bir ayr\u0131cal\u0131\u011fa sahiptir. ) \u00fclkenin d\u00f6rt bir yan\u0131na teknik el\u00e7iler, y\u00f6netici amir ve operasyonel ekipler g\u00f6ndermek, proje i\u00e7in ihtiya\u00e7 duyulan ekipman, \u00fcr\u00fcn ve malzemeleri sa\u011flamak, s\u0131f\u0131rdan y\u00fcze kadar projeyi uygulamak (tasar\u0131m ve in\u015faattan yal\u0131t\u0131m, g\u00fc\u00e7lendirme ve yeniden in\u015faya kadar) ) Sigorta ve teminat ile birlikte Resmi yaz\u0131, ibraz.<\/p><p>E\u011fitim oturumlar\u0131 d\u00fczenleyerek ve teknik tavsiye sa\u011flayarak sat\u0131\u015f sonras\u0131 servis ve m\u00fc\u015fteri deste\u011fi.\u015eirketin faaliyet kapsam\u0131 sadece yukar\u0131daki hizmetlerle s\u0131n\u0131rl\u0131 olmay\u0131p, bu \u015firket sat\u0131\u015f ve hibe acenteli\u011fi, \u00fclke \u00e7ap\u0131nda mallar\u0131n da\u011f\u0131t\u0131m\u0131 ve da\u011f\u0131t\u0131m\u0131, di\u011fer \u00fclkelere mal ihracat\u0131, sat\u0131\u015f merkezleri ve bunlar\u0131n desteklenmesi alanlar\u0131nda da faaliyet g\u00f6stermektedir.<\/p><p>reklam ekipmanlar\u0131, pazar\u0131n s\u00fcrekli izlenmesi ve izlenmesi, ekibin g\u00fc\u00e7l\u00fc varl\u0131\u011f\u0131, \u015firketin ara\u015ft\u0131rma ve geli\u015ftirmesi pazarda aktif olup \u00fcr\u00fcn portf\u00f6y\u00fcn\u00fc geni\u015fletmek ve yeni \u00fcr\u00fcnler i\u00e7in bir sat\u0131\u015f platformu olu\u015fturmak, ara\u015ft\u0131rma ve odaklanmad\u0131r. Piyasan\u0131n ve insanlar\u0131n (ev kullan\u0131m\u0131 i\u00e7in), m\u00fchendislik camias\u0131n\u0131n ve in\u015faat sekt\u00f6r\u00fcn\u00fcn ihtiya\u00e7lar\u0131n\u0131 her zaman bu \u015fekilde sa\u011flamaya \u00e7al\u0131\u015f\u0131r. Hi\u00e7bir \u00e7abadan vazge\u00e7miyor.\/Umar\u0131m Allah&#8217;\u0131n inayeti ve merhameti ile siz sad\u0131k ve de\u011ferli m\u00fc\u015fterilerimizin e\u015fli\u011finde in\u015faat sekt\u00f6r\u00fcn\u00fcn geli\u015fmesi ve artan memnuniyetin sa\u011flanmas\u0131 y\u00f6n\u00fcnde b\u00fcy\u00fck bir ad\u0131m ataca\u011f\u0131z. siz sevgililerden<\/p>\t\t\t\t\t\t\t\t<\/div>\n\t\t\t\t<\/div>\n\t\t\t\t<section data-particle_enable=\"false\" data-particle-mobile-disabled=\"false\" class=\"elementor-section elementor-inner-section elementor-element elementor-element-9aced70 elementor-section-boxed elementor-section-height-default elementor-section-height-default\" data-id=\"9aced70\" data-element_type=\"section\">\n\t\t\t\t\t\t<div class=\"elementor-container elementor-column-gap-default\">\n\t\t\t\t\t<div class=\"elementor-column elementor-col-100 elementor-inner-column elementor-element elementor-element-26070f5\" data-id=\"26070f5\" data-element_type=\"column\" data-settings=\"{&quot;background_background&quot;:&quot;classic&quot;}\">\n\t\t\t<div class=\"elementor-widget-wrap elementor-element-populated\">\n\t\t\t\t\t\t<div class=\"elementor-element elementor-element-55397fd elementor-widget elementor-widget-text-editor\" data-id=\"55397fd\" data-element_type=\"widget\" data-widget_type=\"text-editor.default\">\n\t\t\t\t<div class=\"elementor-widget-container\">\n\t\t\t\t\t\t\t\t\t<p>Bu firman\u0131n t\u00fcm markalar\u0131n\u0131n Fikri ve Fikri M\u00fclkiyet Genel M\u00fcd\u00fcrl\u00fc\u011f\u00fc&#8217;nde isim ve marka olarak tescilli oldu\u011funu belirtmekte fayda var. Bu nedenle her t\u00fcrl\u00fc taklit, kopyalama ve sahtecilikle ilgili hukuki ve hukuki i\u015flem yap\u0131lacakt\u0131r<\/p>\t\t\t\t\t\t\t\t<\/div>\n\t\t\t\t<\/div>\n\t\t\t\t\t<\/div>\n\t\t<\/div>\n\t\t\t\t\t<\/div>\n\t\t<\/section>\n\t\t\t\t\t<\/div>\n\t\t<\/div>\n\t\t\t\t\t<\/div>\n\t\t<\/section>\n\t\t\t\t<\/div>\n\t\t","protected":false},"excerpt":{"rendered":"<p>Hakk\u0131m\u0131zda NSG uzman ve m\u00fchendislik grubu, in\u015faat sekt\u00f6r\u00fcn\u00fcn ilerlemesi ve geli\u015fmesinde bilgi odakl\u0131 ve etkin bir organizasyon olu\u015fturmak amac\u0131yla 2000 y\u0131l\u0131ndan itibaren faaliyetlerine ba\u015flam\u0131\u015f ve yeni teknolojileri sevgili \u00fclkemiz \u0130ran&#8217;da yerlile\u015ftirerek her zaman hizmete sunmu\u015ftur. yeni nesil s\u0131zd\u0131rmazl\u0131k ve yal\u0131t\u0131m \u00fcr\u00fcnleri aras\u0131nda nem, beton ve har\u00e7 katk\u0131lar\u0131, \u00e7e\u015fitli re\u00e7ineler ve yap\u0131 yap\u0131\u015ft\u0131r\u0131c\u0131lar\u0131 yer almaktad\u0131r. Bu [&hellip;]<\/p>\n","protected":false},"author":4,"featured_media":0,"parent":0,"menu_order":0,"comment_status":"closed","ping_status":"closed","template":"elementor_header_footer","meta":{"footnotes":""},"class_list":["post-36550","page","type-page","status-publish","hentry"],"_links":{"self":[{"href":"https:\/\/nsgco.co\/tr\/wp-json\/wp\/v2\/pages\/36550","targetHints":{"allow":["GET"]}}],"collection":[{"href":"https:\/\/nsgco.co\/tr\/wp-json\/wp\/v2\/pages"}],"about":[{"href":"https:\/\/nsgco.co\/tr\/wp-json\/wp\/v2\/types\/page"}],"author":[{"embeddable":true,"href":"https:\/\/nsgco.co\/tr\/wp-json\/wp\/v2\/users\/4"}],"replies":[{"embeddable":true,"href":"https:\/\/nsgco.co\/tr\/wp-json\/wp\/v2\/comments?post=36550"}],"version-history":[{"count":1,"href":"https:\/\/nsgco.co\/tr\/wp-json\/wp\/v2\/pages\/36550\/revisions"}],"predecessor-version":[{"id":39026,"href":"https:\/\/nsgco.co\/tr\/wp-json\/wp\/v2\/pages\/36550\/revisions\/39026"}],"wp:attachment":[{"href":"https:\/\/nsgco.co\/tr\/wp-json\/wp\/v2\/media?parent=36550"}],"curies":[{"name":"wp","href":"https:\/\/api.w.org\/{rel}","templated":true}]}}