{"id":36826,"date":"2025-04-22T18:12:04","date_gmt":"2025-04-22T14:42:04","guid":{"rendered":"https:\/\/nsgco.ir\/nsg\/tr\/?page_id=36826"},"modified":"2025-08-17T11:33:54","modified_gmt":"2025-08-17T08:03:54","slug":"sikca-sorulan-sorular","status":"publish","type":"page","link":"https:\/\/nsgco.co\/tr\/sikca-sorulan-sorular\/","title":{"rendered":"S\u0131k\u00e7a Sorulan Sorular"},"content":{"rendered":"\t\t<div data-elementor-type=\"wp-page\" data-elementor-id=\"36826\" class=\"elementor elementor-36826\" data-elementor-post-type=\"page\">\n\t\t\t\t\t\t<section data-particle_enable=\"false\" data-particle-mobile-disabled=\"false\" class=\"elementor-section elementor-top-section elementor-element elementor-element-53e80f4 elementor-section-boxed elementor-section-height-default elementor-section-height-default\" data-id=\"53e80f4\" data-element_type=\"section\">\n\t\t\t\t\t\t<div class=\"elementor-container elementor-column-gap-no\">\n\t\t\t\t\t<div class=\"elementor-column elementor-col-100 elementor-top-column elementor-element elementor-element-a13d575\" data-id=\"a13d575\" data-element_type=\"column\" data-settings=\"{&quot;background_background&quot;:&quot;classic&quot;}\">\n\t\t\t<div class=\"elementor-widget-wrap elementor-element-populated\">\n\t\t\t\t\t\t<section data-particle_enable=\"false\" data-particle-mobile-disabled=\"false\" class=\"elementor-section elementor-inner-section elementor-element elementor-element-a4ec2ea elementor-section-boxed elementor-section-height-default elementor-section-height-default\" data-id=\"a4ec2ea\" data-element_type=\"section\">\n\t\t\t\t\t\t<div class=\"elementor-container elementor-column-gap-no\">\n\t\t\t\t\t<div class=\"elementor-column elementor-col-50 elementor-inner-column elementor-element elementor-element-a154674\" data-id=\"a154674\" data-element_type=\"column\">\n\t\t\t<div class=\"elementor-widget-wrap elementor-element-populated\">\n\t\t\t\t\t\t<div class=\"elementor-element elementor-element-1d56903 elementor-widget elementor-widget-shortcode\" data-id=\"1d56903\" data-element_type=\"widget\" data-widget_type=\"shortcode.default\">\n\t\t\t\t<div class=\"elementor-widget-container\">\n\t\t\t\t\t\t\t<div class=\"elementor-shortcode\"><nav aria-label=\"breadcrumbs\" class=\"rank-math-breadcrumb\"><p><span class=\"last\">Ana sayfa<\/span><\/p><\/nav><\/div>\n\t\t\t\t\t\t<\/div>\n\t\t\t\t<\/div>\n\t\t\t\t\t<\/div>\n\t\t<\/div>\n\t\t\t\t<div class=\"elementor-column elementor-col-50 elementor-inner-column elementor-element elementor-element-72eba39\" data-id=\"72eba39\" data-element_type=\"column\">\n\t\t\t<div class=\"elementor-widget-wrap\">\n\t\t\t\t\t\t\t<\/div>\n\t\t<\/div>\n\t\t\t\t\t<\/div>\n\t\t<\/section>\n\t\t\t\t\t<\/div>\n\t\t<\/div>\n\t\t\t\t\t<\/div>\n\t\t<\/section>\n\t\t\t\t<section data-particle_enable=\"false\" data-particle-mobile-disabled=\"false\" class=\"elementor-section elementor-top-section elementor-element elementor-element-b9234d1 elementor-section-boxed elementor-section-height-default elementor-section-height-default\" data-id=\"b9234d1\" data-element_type=\"section\">\n\t\t\t\t\t\t<div class=\"elementor-container elementor-column-gap-default\">\n\t\t\t\t\t<div class=\"elementor-column elementor-col-100 elementor-top-column elementor-element elementor-element-3bf9e38\" data-id=\"3bf9e38\" data-element_type=\"column\" data-settings=\"{&quot;background_background&quot;:&quot;classic&quot;}\">\n\t\t\t<div class=\"elementor-widget-wrap elementor-element-populated\">\n\t\t\t\t\t\t<div class=\"elementor-element elementor-element-90a78a2 elementor-widget elementor-widget-heading\" data-id=\"90a78a2\" data-element_type=\"widget\" data-widget_type=\"heading.default\">\n\t\t\t\t<div class=\"elementor-widget-container\">\n\t\t\t\t\t<h2 class=\"elementor-heading-title elementor-size-default\">S\u0131k\u00e7a Sorulan Sorular<\/h2>\t\t\t\t<\/div>\n\t\t\t\t<\/div>\n\t\t\t\t<div class=\"elementor-element elementor-element-80d28a5 elementor-widget elementor-widget-jet-accordion\" data-id=\"80d28a5\" data-element_type=\"widget\" data-widget_type=\"jet-accordion.default\">\n\t\t\t\t<div class=\"elementor-widget-container\">\n\t\t\t\t\t\t\t\t\t<div class=\"jet-accordion\" data-settings=\"{&quot;collapsible&quot;:false,&quot;ajaxTemplate&quot;:false,&quot;switchScrolling&quot;:false,&quot;switchScrollingOffset&quot;:0,&quot;switchScrollingDelay&quot;:500}\">\n\t\t\t<div class=\"jet-accordion__inner\">\n\t\t\t\t<div class=\" jet-accordion__item jet-toggle jet-toggle-move-up-effect \">\n\t\t\t\t\t\t\t<div id=\"jet-toggle-control-1351\" class=\"jet-toggle__control elementor-menu-anchor\" data-toggle=\"1\" role=\"button\" tabindex=\"0\" aria-controls=\"jet-toggle-content-1351\" aria-expanded=\"false\" data-template-id=\"false\">\n\t\t\t\t\t\t\t\t<div class=\"jet-toggle__label-icon jet-toggle-icon-position-right\"><span class=\"jet-toggle__icon icon-normal jet-tabs-icon\"><svg class=\"e-font-icon-svg e-fas-plus\" viewBox=\"0 0 448 512\" xmlns=\"http:\/\/www.w3.org\/2000\/svg\"><path d=\"M416 208H272V64c0-17.67-14.33-32-32-32h-32c-17.67 0-32 14.33-32 32v144H32c-17.67 0-32 14.33-32 32v32c0 17.67 14.33 32 32 32h144v144c0 17.67 14.33 32 32 32h32c17.67 0 32-14.33 32-32V304h144c17.67 0 32-14.33 32-32v-32c0-17.67-14.33-32-32-32z\"><\/path><\/svg><\/span><span class=\"jet-toggle__icon icon-active jet-tabs-icon\"><svg class=\"e-font-icon-svg e-fas-minus\" viewBox=\"0 0 448 512\" xmlns=\"http:\/\/www.w3.org\/2000\/svg\"><path d=\"M416 208H32c-17.67 0-32 14.33-32 32v32c0 17.67 14.33 32 32 32h384c17.67 0 32-14.33 32-32v-32c0-17.67-14.33-32-32-32z\"><\/path><\/svg><\/span><\/div><div class=\"jet-toggle__label-text\"> NSG \u00fcr\u00fcnlerinin ve suyun harcamas\u0131n\u0131 har\u00e7ta nas\u0131l hesaplar\u0131z? (\u00f6rne\u011fin bir'e d\u00f6rt)<\/div>\t\t\t\t\t\t\t<\/div>\n\t\t\t\t\t\t\t<div id=\"jet-toggle-content-1351\" class=\"jet-toggle__content\" data-toggle=\"1\" role=\"region\" data-template-id=\"false\">\n\t\t\t\t\t\t\t\t<div class=\"jet-toggle__content-inner\"><p>Her bir metrek\u00fcp har\u00e7ta yakla\u015f\u0131k 150 litre su bulunmaktad\u0131r. E\u011fer \u00fcr\u00fcn\u00fcn su ile 1&#8217;e 4 oran\u0131nda kar\u0131\u015ft\u0131r\u0131ld\u0131\u011f\u0131n\u0131 varsayarsak, toplamda 5 birimimiz olacak. 150 say\u0131s\u0131n\u0131 5&#8217;e b\u00f6ld\u00fc\u011f\u00fcm\u00fczde, burada t\u00fcketilecek \u00fcr\u00fcn miktar\u0131 30 litre olarak elde edilmektedir.<\/p><\/div>\n\t\t\t\t\t\t\t<\/div>\n\t\t\t\t\t\t<\/div><div class=\" jet-accordion__item jet-toggle jet-toggle-move-up-effect \">\n\t\t\t\t\t\t\t<div id=\"jet-toggle-control-1352\" class=\"jet-toggle__control elementor-menu-anchor\" data-toggle=\"2\" role=\"button\" tabindex=\"0\" aria-controls=\"jet-toggle-content-1352\" aria-expanded=\"false\" data-template-id=\"false\">\n\t\t\t\t\t\t\t\t<div class=\"jet-toggle__label-icon jet-toggle-icon-position-right\"><span class=\"jet-toggle__icon icon-normal jet-tabs-icon\"><svg class=\"e-font-icon-svg e-fas-plus\" viewBox=\"0 0 448 512\" xmlns=\"http:\/\/www.w3.org\/2000\/svg\"><path d=\"M416 208H272V64c0-17.67-14.33-32-32-32h-32c-17.67 0-32 14.33-32 32v144H32c-17.67 0-32 14.33-32 32v32c0 17.67 14.33 32 32 32h144v144c0 17.67 14.33 32 32 32h32c17.67 0 32-14.33 32-32V304h144c17.67 0 32-14.33 32-32v-32c0-17.67-14.33-32-32-32z\"><\/path><\/svg><\/span><span class=\"jet-toggle__icon icon-active jet-tabs-icon\"><svg class=\"e-font-icon-svg e-fas-minus\" viewBox=\"0 0 448 512\" xmlns=\"http:\/\/www.w3.org\/2000\/svg\"><path d=\"M416 208H32c-17.67 0-32 14.33-32 32v32c0 17.67 14.33 32 32 32h384c17.67 0 32-14.33 32-32v-32c0-17.67-14.33-32-32-32z\"><\/path><\/svg><\/span><\/div><div class=\"jet-toggle__label-text\">\u00c7imento bloklar\u0131n bas\u0131n\u00e7 dayan\u0131m\u0131 ka\u00e7 kg\/cm2'dir? Peki N50 beton yap\u0131\u015ft\u0131r\u0131c\u0131s\u0131 ve katk\u0131s\u0131 veya B70 har\u00e7 yap\u0131\u015ft\u0131r\u0131c\u0131s\u0131 ve katk\u0131s\u0131 veya Z90 s\u0131zd\u0131rmazl\u0131k yap\u0131\u015ft\u0131r\u0131c\u0131s\u0131 ve re\u00e7inesi gibi NSG \u00fcr\u00fcnlerini kullan\u0131rsak dayan\u0131kl\u0131l\u0131\u011f\u0131nda bir fark olur mu?<\/div>\t\t\t\t\t\t\t<\/div>\n\t\t\t\t\t\t\t<div id=\"jet-toggle-content-1352\" class=\"jet-toggle__content\" data-toggle=\"2\" role=\"region\" data-template-id=\"false\">\n\t\t\t\t\t\t\t\t<div class=\"jet-toggle__content-inner\"><p>\u00c7imento bloklar\u0131n mukavemeti kategorisine g\u00f6re de\u011fi\u015fmekle birlikte genellikle 20 ila 25 kg\/cm2 civar\u0131ndad\u0131r. Blo\u011fun yap\u0131m\u0131nda N50 beton yap\u0131\u015ft\u0131r\u0131c\u0131s\u0131 ve katk\u0131s\u0131 veya B70 har\u00e7 yap\u0131\u015ft\u0131r\u0131c\u0131s\u0131 ve katk\u0131s\u0131 kullan\u0131l\u0131rsa nihai mukavemeti artacakt\u0131r. Yapmak<\/p><\/div>\n\t\t\t\t\t\t\t<\/div>\n\t\t\t\t\t\t<\/div><div class=\" jet-accordion__item jet-toggle jet-toggle-move-up-effect \">\n\t\t\t\t\t\t\t<div id=\"jet-toggle-control-1353\" class=\"jet-toggle__control elementor-menu-anchor\" data-toggle=\"3\" role=\"button\" tabindex=\"0\" aria-controls=\"jet-toggle-content-1353\" aria-expanded=\"false\" data-template-id=\"false\">\n\t\t\t\t\t\t\t\t<div class=\"jet-toggle__label-icon jet-toggle-icon-position-right\"><span class=\"jet-toggle__icon icon-normal jet-tabs-icon\"><svg class=\"e-font-icon-svg e-fas-plus\" viewBox=\"0 0 448 512\" xmlns=\"http:\/\/www.w3.org\/2000\/svg\"><path d=\"M416 208H272V64c0-17.67-14.33-32-32-32h-32c-17.67 0-32 14.33-32 32v144H32c-17.67 0-32 14.33-32 32v32c0 17.67 14.33 32 32 32h144v144c0 17.67 14.33 32 32 32h32c17.67 0 32-14.33 32-32V304h144c17.67 0 32-14.33 32-32v-32c0-17.67-14.33-32-32-32z\"><\/path><\/svg><\/span><span class=\"jet-toggle__icon icon-active jet-tabs-icon\"><svg class=\"e-font-icon-svg e-fas-minus\" viewBox=\"0 0 448 512\" xmlns=\"http:\/\/www.w3.org\/2000\/svg\"><path d=\"M416 208H32c-17.67 0-32 14.33-32 32v32c0 17.67 14.33 32 32 32h384c17.67 0 32-14.33 32-32v-32c0-17.67-14.33-32-32-32z\"><\/path><\/svg><\/span><\/div><div class=\"jet-toggle__label-text\">Bir metre blok duvarda \u00e7imento ve kum ile N50 beton yap\u0131\u015ft\u0131r\u0131c\u0131s\u0131 ve katk\u0131s\u0131 veya B70 har\u00e7 yap\u0131\u015ft\u0131r\u0131c\u0131s\u0131 ve katk\u0131s\u0131 veya Z90 s\u0131zd\u0131rmazl\u0131k yap\u0131\u015ft\u0131r\u0131c\u0131s\u0131 ve re\u00e7inesi gibi NSG \u00fcr\u00fcnlerinin t\u00fcketimi ne kadard\u0131r?<\/div>\t\t\t\t\t\t\t<\/div>\n\t\t\t\t\t\t\t<div id=\"jet-toggle-content-1353\" class=\"jet-toggle__content\" data-toggle=\"3\" role=\"region\" data-template-id=\"false\">\n\t\t\t\t\t\t\t\t<div class=\"jet-toggle__content-inner\"><p>Bu durumda \u00e7imento i\u015finin kal\u0131nl\u0131\u011f\u0131n\u0131n 3 cm oldu\u011funu varsay\u0131yoruz:Toz faz\u0131: yakla\u015f\u0131k 40 kg kum, yakla\u015f\u0131k 10 kg \u00e7imento, s\u0131v\u0131 faz: yakla\u015f\u0131k 5 litreTutkal ve beton katk\u0131s\u0131 N50 kullan\u0131l\u0131yorsa: Bir birim tutkal ve beton katk\u0131s\u0131 N50, be\u015f birim suB70 yap\u0131\u015ft\u0131r\u0131c\u0131 ve har\u00e7 katk\u0131s\u0131 kullan\u0131l\u0131yorsa: Bir \u00f6l\u00e7\u00fc B70 yap\u0131\u015ft\u0131r\u0131c\u0131 ve har\u00e7 katk\u0131s\u0131, \u00fc\u00e7 \u00f6l\u00e7\u00fc suNot: S\u0131zd\u0131rmazl\u0131k tutkal\u0131 ve Z90 re\u00e7inesi har\u00e7la birle\u015ftirilemez ve form\u00fcl 222&#8217;ye sahip izolasyon katman\u0131n\u0131n uygulanmas\u0131 i\u00e7in metrekare ba\u015f\u0131na yakla\u015f\u0131k 600 cc kullan\u0131l\u0131r<\/p><\/div>\n\t\t\t\t\t\t\t<\/div>\n\t\t\t\t\t\t<\/div><div class=\" jet-accordion__item jet-toggle jet-toggle-move-up-effect \">\n\t\t\t\t\t\t\t<div id=\"jet-toggle-control-1354\" class=\"jet-toggle__control elementor-menu-anchor\" data-toggle=\"4\" role=\"button\" tabindex=\"0\" aria-controls=\"jet-toggle-content-1354\" aria-expanded=\"false\" data-template-id=\"false\">\n\t\t\t\t\t\t\t\t<div class=\"jet-toggle__label-icon jet-toggle-icon-position-right\"><span class=\"jet-toggle__icon icon-normal jet-tabs-icon\"><svg class=\"e-font-icon-svg e-fas-plus\" viewBox=\"0 0 448 512\" xmlns=\"http:\/\/www.w3.org\/2000\/svg\"><path d=\"M416 208H272V64c0-17.67-14.33-32-32-32h-32c-17.67 0-32 14.33-32 32v144H32c-17.67 0-32 14.33-32 32v32c0 17.67 14.33 32 32 32h144v144c0 17.67 14.33 32 32 32h32c17.67 0 32-14.33 32-32V304h144c17.67 0 32-14.33 32-32v-32c0-17.67-14.33-32-32-32z\"><\/path><\/svg><\/span><span class=\"jet-toggle__icon icon-active jet-tabs-icon\"><svg class=\"e-font-icon-svg e-fas-minus\" viewBox=\"0 0 448 512\" xmlns=\"http:\/\/www.w3.org\/2000\/svg\"><path d=\"M416 208H32c-17.67 0-32 14.33-32 32v32c0 17.67 14.33 32 32 32h384c17.67 0 32-14.33 32-32v-32c0-17.67-14.33-32-32-32z\"><\/path><\/svg><\/span><\/div><div class=\"jet-toggle__label-text\">Kullan\u0131lan kumun \u00f6zg\u00fcl a\u011f\u0131rl\u0131\u011f\u0131 nedir ve N50 beton yap\u0131\u015ft\u0131r\u0131c\u0131 ve katk\u0131 maddesi veya B70 har\u00e7 yap\u0131\u015ft\u0131r\u0131c\u0131 ve katk\u0131 maddesi ile \u00e7imentolama i\u00e7in en iyi kum hangisidir?<\/div>\t\t\t\t\t\t\t<\/div>\n\t\t\t\t\t\t\t<div id=\"jet-toggle-content-1354\" class=\"jet-toggle__content\" data-toggle=\"4\" role=\"region\" data-template-id=\"false\">\n\t\t\t\t\t\t\t\t<div class=\"jet-toggle__content-inner\"><p>metrek\u00fcp ba\u015f\u0131na kg ve N50 beton yap\u0131\u015ft\u0131r\u0131c\u0131s\u0131 ve katk\u0131s\u0131 veya B70 har\u00e7 yap\u0131\u015ft\u0131r\u0131c\u0131s\u0131 ve katk\u0131s\u0131 ile \u00e7imentolama i\u00e7in en iyi kum 2 kat tuzlu kumdur<\/p><\/div>\n\t\t\t\t\t\t\t<\/div>\n\t\t\t\t\t\t<\/div><div class=\" jet-accordion__item jet-toggle jet-toggle-move-up-effect \">\n\t\t\t\t\t\t\t<div id=\"jet-toggle-control-1355\" class=\"jet-toggle__control elementor-menu-anchor\" data-toggle=\"5\" role=\"button\" tabindex=\"0\" aria-controls=\"jet-toggle-content-1355\" aria-expanded=\"false\" data-template-id=\"false\">\n\t\t\t\t\t\t\t\t<div class=\"jet-toggle__label-icon jet-toggle-icon-position-right\"><span class=\"jet-toggle__icon icon-normal jet-tabs-icon\"><svg class=\"e-font-icon-svg e-fas-plus\" viewBox=\"0 0 448 512\" xmlns=\"http:\/\/www.w3.org\/2000\/svg\"><path d=\"M416 208H272V64c0-17.67-14.33-32-32-32h-32c-17.67 0-32 14.33-32 32v144H32c-17.67 0-32 14.33-32 32v32c0 17.67 14.33 32 32 32h144v144c0 17.67 14.33 32 32 32h32c17.67 0 32-14.33 32-32V304h144c17.67 0 32-14.33 32-32v-32c0-17.67-14.33-32-32-32z\"><\/path><\/svg><\/span><span class=\"jet-toggle__icon icon-active jet-tabs-icon\"><svg class=\"e-font-icon-svg e-fas-minus\" viewBox=\"0 0 448 512\" xmlns=\"http:\/\/www.w3.org\/2000\/svg\"><path d=\"M416 208H32c-17.67 0-32 14.33-32 32v32c0 17.67 14.33 32 32 32h384c17.67 0 32-14.33 32-32v-32c0-17.67-14.33-32-32-32z\"><\/path><\/svg><\/span><\/div><div class=\"jet-toggle__label-text\">Trafik d\u00f6\u015femesi i\u00e7in 1 metrek\u00fcp beton \u00fcretmek i\u00e7in ne kadar N50 beton yap\u0131\u015ft\u0131r\u0131c\u0131s\u0131 ve katk\u0131 maddesi ile \u00e7imentoya ihtiyac\u0131m\u0131z var?<\/div>\t\t\t\t\t\t\t<\/div>\n\t\t\t\t\t\t\t<div id=\"jet-toggle-content-1355\" class=\"jet-toggle__content\" data-toggle=\"5\" role=\"region\" data-template-id=\"false\">\n\t\t\t\t\t\t\t\t<div class=\"jet-toggle__content-inner\"><p>Yakla\u015f\u0131k 400 kg \u00e7imento ve yakla\u015f\u0131k 30 litre tutkal ve beton katk\u0131 maddesi N50<\/p><\/div>\n\t\t\t\t\t\t\t<\/div>\n\t\t\t\t\t\t<\/div><div class=\" jet-accordion__item jet-toggle jet-toggle-move-up-effect \">\n\t\t\t\t\t\t\t<div id=\"jet-toggle-control-1356\" class=\"jet-toggle__control elementor-menu-anchor\" data-toggle=\"6\" role=\"button\" tabindex=\"0\" aria-controls=\"jet-toggle-content-1356\" aria-expanded=\"false\" data-template-id=\"false\">\n\t\t\t\t\t\t\t\t<div class=\"jet-toggle__label-icon jet-toggle-icon-position-right\"><span class=\"jet-toggle__icon icon-normal jet-tabs-icon\"><svg class=\"e-font-icon-svg e-fas-plus\" viewBox=\"0 0 448 512\" xmlns=\"http:\/\/www.w3.org\/2000\/svg\"><path d=\"M416 208H272V64c0-17.67-14.33-32-32-32h-32c-17.67 0-32 14.33-32 32v144H32c-17.67 0-32 14.33-32 32v32c0 17.67 14.33 32 32 32h144v144c0 17.67 14.33 32 32 32h32c17.67 0 32-14.33 32-32V304h144c17.67 0 32-14.33 32-32v-32c0-17.67-14.33-32-32-32z\"><\/path><\/svg><\/span><span class=\"jet-toggle__icon icon-active jet-tabs-icon\"><svg class=\"e-font-icon-svg e-fas-minus\" viewBox=\"0 0 448 512\" xmlns=\"http:\/\/www.w3.org\/2000\/svg\"><path d=\"M416 208H32c-17.67 0-32 14.33-32 32v32c0 17.67 14.33 32 32 32h384c17.67 0 32-14.33 32-32v-32c0-17.67-14.33-32-32-32z\"><\/path><\/svg><\/span><\/div><div class=\"jet-toggle__label-text\">N50 beton yap\u0131\u015ft\u0131r\u0131c\u0131s\u0131 ve katk\u0131 maddesi, B70 har\u00e7 yap\u0131\u015ft\u0131r\u0131c\u0131s\u0131 ve katk\u0131s\u0131 ve Z90 s\u0131zd\u0131rmazl\u0131k yap\u0131\u015ft\u0131r\u0131c\u0131s\u0131 ve re\u00e7inesi gibi NSG \u00fcr\u00fcnleri do\u011frudan har\u00e7 veya betonda birle\u015ftirilebilir mi?<\/div>\t\t\t\t\t\t\t<\/div>\n\t\t\t\t\t\t\t<div id=\"jet-toggle-content-1356\" class=\"jet-toggle__content\" data-toggle=\"6\" role=\"region\" data-template-id=\"false\">\n\t\t\t\t\t\t\t\t<div class=\"jet-toggle__content-inner\"><p>Har\u00e7 veya betonda s\u0131zd\u0131rmazl\u0131k tutkal\u0131 ve re\u00e7ine Z90 birle\u015ftirilemez. 4 cm kal\u0131nl\u0131\u011f\u0131ndaki har\u00e7larda kullan\u0131lmak \u00fczere B70 tutkal ve har\u00e7 katk\u0131s\u0131, beton veya kal\u0131nl\u0131k s\u0131n\u0131rlamas\u0131 olmayan har\u00e7larda ise N50 tutkal ve beton katk\u0131s\u0131 kullan\u0131labilir. . kullan\u0131lm\u0131\u015f<\/p><\/div>\n\t\t\t\t\t\t\t<\/div>\n\t\t\t\t\t\t<\/div><div class=\" jet-accordion__item jet-toggle jet-toggle-move-up-effect \">\n\t\t\t\t\t\t\t<div id=\"jet-toggle-control-1357\" class=\"jet-toggle__control elementor-menu-anchor\" data-toggle=\"7\" role=\"button\" tabindex=\"0\" aria-controls=\"jet-toggle-content-1357\" aria-expanded=\"false\" data-template-id=\"false\">\n\t\t\t\t\t\t\t\t<div class=\"jet-toggle__label-icon jet-toggle-icon-position-right\"><span class=\"jet-toggle__icon icon-normal jet-tabs-icon\"><svg class=\"e-font-icon-svg e-fas-plus\" viewBox=\"0 0 448 512\" xmlns=\"http:\/\/www.w3.org\/2000\/svg\"><path d=\"M416 208H272V64c0-17.67-14.33-32-32-32h-32c-17.67 0-32 14.33-32 32v144H32c-17.67 0-32 14.33-32 32v32c0 17.67 14.33 32 32 32h144v144c0 17.67 14.33 32 32 32h32c17.67 0 32-14.33 32-32V304h144c17.67 0 32-14.33 32-32v-32c0-17.67-14.33-32-32-32z\"><\/path><\/svg><\/span><span class=\"jet-toggle__icon icon-active jet-tabs-icon\"><svg class=\"e-font-icon-svg e-fas-minus\" viewBox=\"0 0 448 512\" xmlns=\"http:\/\/www.w3.org\/2000\/svg\"><path d=\"M416 208H32c-17.67 0-32 14.33-32 32v32c0 17.67 14.33 32 32 32h384c17.67 0 32-14.33 32-32v-32c0-17.67-14.33-32-32-32z\"><\/path><\/svg><\/span><\/div><div class=\"jet-toggle__label-text\">N50 beton yap\u0131\u015ft\u0131r\u0131c\u0131 ve katk\u0131s\u0131 ile B70 har\u00e7 yap\u0131\u015ft\u0131r\u0131c\u0131 ve katk\u0131s\u0131n\u0131n \u00e7imento blok veya duvarda kullan\u0131lmas\u0131 \u0131s\u0131 yal\u0131t\u0131m\u0131 sa\u011flar m\u0131?<\/div>\t\t\t\t\t\t\t<\/div>\n\t\t\t\t\t\t\t<div id=\"jet-toggle-content-1357\" class=\"jet-toggle__content\" data-toggle=\"7\" role=\"region\" data-template-id=\"false\">\n\t\t\t\t\t\t\t\t<div class=\"jet-toggle__content-inner\"><p>Genel olarak bu \u00fcr\u00fcnler izolasyon ama\u00e7l\u0131 tasarlanm\u0131\u015ft\u0131r ve yaln\u0131zca \u0131s\u0131 yal\u0131t\u0131m\u0131 olarak kullan\u0131lamaz<\/p><\/div>\n\t\t\t\t\t\t\t<\/div>\n\t\t\t\t\t\t<\/div><div class=\" jet-accordion__item jet-toggle jet-toggle-move-up-effect \">\n\t\t\t\t\t\t\t<div id=\"jet-toggle-control-1358\" class=\"jet-toggle__control elementor-menu-anchor\" data-toggle=\"8\" role=\"button\" tabindex=\"0\" aria-controls=\"jet-toggle-content-1358\" aria-expanded=\"false\" data-template-id=\"false\">\n\t\t\t\t\t\t\t\t<div class=\"jet-toggle__label-icon jet-toggle-icon-position-right\"><span class=\"jet-toggle__icon icon-normal jet-tabs-icon\"><svg class=\"e-font-icon-svg e-fas-plus\" viewBox=\"0 0 448 512\" xmlns=\"http:\/\/www.w3.org\/2000\/svg\"><path d=\"M416 208H272V64c0-17.67-14.33-32-32-32h-32c-17.67 0-32 14.33-32 32v144H32c-17.67 0-32 14.33-32 32v32c0 17.67 14.33 32 32 32h144v144c0 17.67 14.33 32 32 32h32c17.67 0 32-14.33 32-32V304h144c17.67 0 32-14.33 32-32v-32c0-17.67-14.33-32-32-32z\"><\/path><\/svg><\/span><span class=\"jet-toggle__icon icon-active jet-tabs-icon\"><svg class=\"e-font-icon-svg e-fas-minus\" viewBox=\"0 0 448 512\" xmlns=\"http:\/\/www.w3.org\/2000\/svg\"><path d=\"M416 208H32c-17.67 0-32 14.33-32 32v32c0 17.67 14.33 32 32 32h384c17.67 0 32-14.33 32-32v-32c0-17.67-14.33-32-32-32z\"><\/path><\/svg><\/span><\/div><div class=\"jet-toggle__label-text\">Beton \u00e7at\u0131lar\u0131n \u00e7ap\u0131 ne olmal\u0131d\u0131r? 250 metrekare i\u00e7in ne kadar tutkal ve N50 beton katk\u0131s\u0131 gerekir?<\/div>\t\t\t\t\t\t\t<\/div>\n\t\t\t\t\t\t\t<div id=\"jet-toggle-content-1358\" class=\"jet-toggle__content\" data-toggle=\"8\" role=\"region\" data-template-id=\"false\">\n\t\t\t\t\t\t\t\t<div class=\"jet-toggle__content-inner\"><p>10 cm 625 litre tutkal ve su ile 1&#8217;e 5 oran\u0131nda N50 beton katk\u0131s\u0131<\/p><\/div>\n\t\t\t\t\t\t\t<\/div>\n\t\t\t\t\t\t<\/div>\t\t\t<\/div>\n\t\t<\/div>\n\t\t\t\t\t\t<\/div>\n\t\t\t\t<\/div>\n\t\t\t\t\t<\/div>\n\t\t<\/div>\n\t\t\t\t\t<\/div>\n\t\t<\/section>\n\t\t\t\t<\/div>\n\t\t","protected":false},"excerpt":{"rendered":"<p>S\u0131k\u00e7a Sorulan Sorular NSG \u00fcr\u00fcnlerinin ve suyun harcamas\u0131n\u0131 har\u00e7ta nas\u0131l hesaplar\u0131z? (\u00f6rne\u011fin bir&#8217;e d\u00f6rt) Her bir metrek\u00fcp har\u00e7ta yakla\u015f\u0131k 150 litre su bulunmaktad\u0131r. E\u011fer \u00fcr\u00fcn\u00fcn su ile 1\u2019e 4 oran\u0131nda kar\u0131\u015ft\u0131r\u0131ld\u0131\u011f\u0131n\u0131 varsayarsak, toplamda 5 birimimiz olacak. 150 say\u0131s\u0131n\u0131 5\u2019e b\u00f6ld\u00fc\u011f\u00fcm\u00fczde, burada t\u00fcketilecek \u00fcr\u00fcn miktar\u0131 30 litre olarak elde edilmektedir. \u00c7imento bloklar\u0131n bas\u0131n\u00e7 dayan\u0131m\u0131 ka\u00e7 kg\/cm2&#8217;dir? [&hellip;]<\/p>\n","protected":false},"author":4,"featured_media":0,"parent":0,"menu_order":0,"comment_status":"closed","ping_status":"closed","template":"elementor_header_footer","meta":{"footnotes":""},"class_list":["post-36826","page","type-page","status-publish","hentry"],"_links":{"self":[{"href":"https:\/\/nsgco.co\/tr\/wp-json\/wp\/v2\/pages\/36826","targetHints":{"allow":["GET"]}}],"collection":[{"href":"https:\/\/nsgco.co\/tr\/wp-json\/wp\/v2\/pages"}],"about":[{"href":"https:\/\/nsgco.co\/tr\/wp-json\/wp\/v2\/types\/page"}],"author":[{"embeddable":true,"href":"https:\/\/nsgco.co\/tr\/wp-json\/wp\/v2\/users\/4"}],"replies":[{"embeddable":true,"href":"https:\/\/nsgco.co\/tr\/wp-json\/wp\/v2\/comments?post=36826"}],"version-history":[{"count":1,"href":"https:\/\/nsgco.co\/tr\/wp-json\/wp\/v2\/pages\/36826\/revisions"}],"predecessor-version":[{"id":39034,"href":"https:\/\/nsgco.co\/tr\/wp-json\/wp\/v2\/pages\/36826\/revisions\/39034"}],"wp:attachment":[{"href":"https:\/\/nsgco.co\/tr\/wp-json\/wp\/v2\/media?parent=36826"}],"curies":[{"name":"wp","href":"https:\/\/api.w.org\/{rel}","templated":true}]}}