{"id":36867,"date":"2025-04-23T09:26:27","date_gmt":"2025-04-23T05:56:27","guid":{"rendered":"https:\/\/nsgco.ir\/nsg\/tr\/?page_id=36867"},"modified":"2025-08-17T11:34:47","modified_gmt":"2025-08-17T08:04:47","slug":"standart","status":"publish","type":"page","link":"https:\/\/nsgco.co\/tr\/standart\/","title":{"rendered":"Standart"},"content":{"rendered":"\t\t<div data-elementor-type=\"wp-page\" data-elementor-id=\"36867\" class=\"elementor elementor-36867\" data-elementor-post-type=\"page\">\n\t\t\t\t\t\t<section data-particle_enable=\"false\" data-particle-mobile-disabled=\"false\" class=\"elementor-section elementor-top-section elementor-element elementor-element-66f89c5 elementor-section-boxed elementor-section-height-default elementor-section-height-default\" data-id=\"66f89c5\" data-element_type=\"section\">\n\t\t\t\t\t\t<div class=\"elementor-container elementor-column-gap-no\">\n\t\t\t\t\t<div class=\"elementor-column elementor-col-100 elementor-top-column elementor-element elementor-element-7e1c022\" data-id=\"7e1c022\" data-element_type=\"column\" data-settings=\"{&quot;background_background&quot;:&quot;classic&quot;}\">\n\t\t\t<div class=\"elementor-widget-wrap elementor-element-populated\">\n\t\t\t\t\t\t<section data-particle_enable=\"false\" data-particle-mobile-disabled=\"false\" class=\"elementor-section elementor-inner-section elementor-element elementor-element-18d72c0 elementor-section-boxed elementor-section-height-default elementor-section-height-default\" data-id=\"18d72c0\" data-element_type=\"section\">\n\t\t\t\t\t\t<div class=\"elementor-container elementor-column-gap-no\">\n\t\t\t\t\t<div class=\"elementor-column elementor-col-50 elementor-inner-column elementor-element elementor-element-7af9c43\" data-id=\"7af9c43\" data-element_type=\"column\">\n\t\t\t<div class=\"elementor-widget-wrap elementor-element-populated\">\n\t\t\t\t\t\t<div class=\"elementor-element elementor-element-309fcaa elementor-widget elementor-widget-shortcode\" data-id=\"309fcaa\" data-element_type=\"widget\" data-widget_type=\"shortcode.default\">\n\t\t\t\t<div class=\"elementor-widget-container\">\n\t\t\t\t\t\t\t<div class=\"elementor-shortcode\"><nav aria-label=\"breadcrumbs\" class=\"rank-math-breadcrumb\"><p><span class=\"last\">Ana sayfa<\/span><\/p><\/nav><\/div>\n\t\t\t\t\t\t<\/div>\n\t\t\t\t<\/div>\n\t\t\t\t\t<\/div>\n\t\t<\/div>\n\t\t\t\t<div class=\"elementor-column elementor-col-50 elementor-inner-column elementor-element elementor-element-022b309\" data-id=\"022b309\" data-element_type=\"column\">\n\t\t\t<div class=\"elementor-widget-wrap\">\n\t\t\t\t\t\t\t<\/div>\n\t\t<\/div>\n\t\t\t\t\t<\/div>\n\t\t<\/section>\n\t\t\t\t\t<\/div>\n\t\t<\/div>\n\t\t\t\t\t<\/div>\n\t\t<\/section>\n\t\t\t\t<section data-particle_enable=\"false\" data-particle-mobile-disabled=\"false\" class=\"elementor-section elementor-top-section elementor-element elementor-element-56ac036 elementor-section-boxed elementor-section-height-default elementor-section-height-default\" data-id=\"56ac036\" data-element_type=\"section\">\n\t\t\t\t\t\t<div class=\"elementor-container elementor-column-gap-default\">\n\t\t\t\t\t<div class=\"elementor-column elementor-col-100 elementor-top-column elementor-element elementor-element-648ba50\" data-id=\"648ba50\" data-element_type=\"column\" data-settings=\"{&quot;background_background&quot;:&quot;classic&quot;}\">\n\t\t\t<div class=\"elementor-widget-wrap elementor-element-populated\">\n\t\t\t\t\t\t<div class=\"elementor-element elementor-element-30e0362 elementor-widget elementor-widget-heading\" data-id=\"30e0362\" data-element_type=\"widget\" data-widget_type=\"heading.default\">\n\t\t\t\t<div class=\"elementor-widget-container\">\n\t\t\t\t\t<h2 class=\"elementor-heading-title elementor-size-default\">A\u015fa\u011f\u0131daki belgelere uygun olarak<\/h2>\t\t\t\t<\/div>\n\t\t\t\t<\/div>\n\t\t\t\t<div class=\"elementor-element elementor-element-b98a8e0 elementor-widget elementor-widget-text-editor\" data-id=\"b98a8e0\" data-element_type=\"widget\" data-widget_type=\"text-editor.default\">\n\t\t\t\t<div class=\"elementor-widget-container\">\n\t\t\t\t\t\t\t\t\t<p style=\"text-align: justify\">\u0130ran Genel Standartlar M\u00fcd\u00fcrl\u00fc\u011f\u00fc, akrilik \u00fcr\u00fcnler i\u00e7in zorunlu bir standart bulunmad\u0131\u011f\u0131n\u0131 duyurdu<\/p>\t\t\t\t\t\t\t\t<\/div>\n\t\t\t\t<\/div>\n\t\t\t\t<div class=\"elementor-element elementor-element-5cde7ad elementor-widget elementor-widget-gallery\" data-id=\"5cde7ad\" data-element_type=\"widget\" data-settings=\"{&quot;gallery_layout&quot;:&quot;masonry&quot;,&quot;gap&quot;:{&quot;unit&quot;:&quot;px&quot;,&quot;size&quot;:&quot;20&quot;,&quot;sizes&quot;:[]},&quot;lazyload&quot;:&quot;yes&quot;,&quot;columns&quot;:4,&quot;columns_tablet&quot;:2,&quot;columns_mobile&quot;:1,&quot;gap_tablet&quot;:{&quot;unit&quot;:&quot;px&quot;,&quot;size&quot;:10,&quot;sizes&quot;:[]},&quot;gap_mobile&quot;:{&quot;unit&quot;:&quot;px&quot;,&quot;size&quot;:10,&quot;sizes&quot;:[]},&quot;link_to&quot;:&quot;file&quot;,&quot;overlay_background&quot;:&quot;yes&quot;,&quot;content_hover_animation&quot;:&quot;fade-in&quot;}\" data-widget_type=\"gallery.default\">\n\t\t\t\t<div class=\"elementor-widget-container\">\n\t\t\t\t\t\t\t<div class=\"elementor-gallery__container\">\n\t\t\t\t\t\t\t<a class=\"e-gallery-item elementor-gallery-item elementor-animated-content\" href=\"https:\/\/nsgco.co\/tr\/wp-content\/uploads\/sites\/2\/2025\/04\/\u0627\u0633\u062a\u0627\u0646\u062f\u0627\u0631\u062f-2.jpg\" data-elementor-open-lightbox=\"yes\" data-elementor-lightbox-slideshow=\"5cde7ad\" data-elementor-lightbox-title=\"\u0627\u0633\u062a\u0627\u0646\u062f\u0627\u0631\u062f-2.jpg\" data-e-action-hash=\"#elementor-action%3Aaction%3Dlightbox%26settings%3DeyJpZCI6MzY4NzgsInVybCI6Imh0dHBzOlwvXC9uc2djby5jb1wvdHJcL3dwLWNvbnRlbnRcL3VwbG9hZHNcL3NpdGVzXC8yXC8yMDI1XC8wNFwvXHUwNjI3XHUwNjMzXHUwNjJhXHUwNjI3XHUwNjQ2XHUwNjJmXHUwNjI3XHUwNjMxXHUwNjJmLTIuanBnIiwic2xpZGVzaG93IjoiNWNkZTdhZCJ9\">\n\t\t\t\t\t<div class=\"e-gallery-image elementor-gallery-item__image\" data-thumbnail=\"https:\/\/nsgco.co\/tr\/wp-content\/uploads\/sites\/2\/2025\/04\/\u0627\u0633\u062a\u0627\u0646\u062f\u0627\u0631\u062f-2.jpg\" data-width=\"800\" data-height=\"1162\" aria-label=\"\" role=\"img\" ><\/div>\n\t\t\t\t\t\t\t\t\t\t\t<div class=\"elementor-gallery-item__overlay\"><\/div>\n\t\t\t\t\t\t\t\t\t\t\t\t\t\t<\/a>\n\t\t\t\t\t\t\t<a class=\"e-gallery-item elementor-gallery-item elementor-animated-content\" href=\"https:\/\/nsgco.co\/tr\/wp-content\/uploads\/sites\/2\/2025\/04\/\u0627\u0633\u062a\u0627\u0646\u062f\u0627\u0631\u062f-1.jpg\" data-elementor-open-lightbox=\"yes\" data-elementor-lightbox-slideshow=\"5cde7ad\" data-elementor-lightbox-title=\"\u0627\u0633\u062a\u0627\u0646\u062f\u0627\u0631\u062f-1.jpg\" data-e-action-hash=\"#elementor-action%3Aaction%3Dlightbox%26settings%3DeyJpZCI6MzY4NzksInVybCI6Imh0dHBzOlwvXC9uc2djby5jb1wvdHJcL3dwLWNvbnRlbnRcL3VwbG9hZHNcL3NpdGVzXC8yXC8yMDI1XC8wNFwvXHUwNjI3XHUwNjMzXHUwNjJhXHUwNjI3XHUwNjQ2XHUwNjJmXHUwNjI3XHUwNjMxXHUwNjJmLTEuanBnIiwic2xpZGVzaG93IjoiNWNkZTdhZCJ9\">\n\t\t\t\t\t<div class=\"e-gallery-image elementor-gallery-item__image\" data-thumbnail=\"https:\/\/nsgco.co\/tr\/wp-content\/uploads\/sites\/2\/2025\/04\/\u0627\u0633\u062a\u0627\u0646\u062f\u0627\u0631\u062f-1.jpg\" data-width=\"800\" data-height=\"1162\" aria-label=\"\" role=\"img\" ><\/div>\n\t\t\t\t\t\t\t\t\t\t\t<div class=\"elementor-gallery-item__overlay\"><\/div>\n\t\t\t\t\t\t\t\t\t\t\t\t\t\t<\/a>\n\t\t\t\t\t<\/div>\n\t\t\t\t\t<\/div>\n\t\t\t\t<\/div>\n\t\t\t\t\t<\/div>\n\t\t<\/div>\n\t\t\t\t\t<\/div>\n\t\t<\/section>\n\t\t\t\t<\/div>\n\t\t","protected":false},"excerpt":{"rendered":"<p>A\u015fa\u011f\u0131daki belgelere uygun olarak \u0130ran Genel Standartlar M\u00fcd\u00fcrl\u00fc\u011f\u00fc, akrilik \u00fcr\u00fcnler i\u00e7in zorunlu bir standart bulunmad\u0131\u011f\u0131n\u0131 duyurdu<\/p>\n","protected":false},"author":4,"featured_media":0,"parent":0,"menu_order":0,"comment_status":"closed","ping_status":"closed","template":"elementor_header_footer","meta":{"footnotes":""},"class_list":["post-36867","page","type-page","status-publish","hentry"],"_links":{"self":[{"href":"https:\/\/nsgco.co\/tr\/wp-json\/wp\/v2\/pages\/36867","targetHints":{"allow":["GET"]}}],"collection":[{"href":"https:\/\/nsgco.co\/tr\/wp-json\/wp\/v2\/pages"}],"about":[{"href":"https:\/\/nsgco.co\/tr\/wp-json\/wp\/v2\/types\/page"}],"author":[{"embeddable":true,"href":"https:\/\/nsgco.co\/tr\/wp-json\/wp\/v2\/users\/4"}],"replies":[{"embeddable":true,"href":"https:\/\/nsgco.co\/tr\/wp-json\/wp\/v2\/comments?post=36867"}],"version-history":[{"count":10,"href":"https:\/\/nsgco.co\/tr\/wp-json\/wp\/v2\/pages\/36867\/revisions"}],"predecessor-version":[{"id":39036,"href":"https:\/\/nsgco.co\/tr\/wp-json\/wp\/v2\/pages\/36867\/revisions\/39036"}],"wp:attachment":[{"href":"https:\/\/nsgco.co\/tr\/wp-json\/wp\/v2\/media?parent=36867"}],"curies":[{"name":"wp","href":"https:\/\/api.w.org\/{rel}","templated":true}]}}