{"id":37068,"date":"2025-04-23T10:49:35","date_gmt":"2025-04-23T07:19:35","guid":{"rendered":"https:\/\/nsgco.ir\/nsg\/tr\/?page_id=37068"},"modified":"2026-04-22T16:19:10","modified_gmt":"2026-04-22T12:49:10","slug":"urunlerin-dogru-kullanimina-iliskin-egitim","status":"publish","type":"page","link":"https:\/\/nsgco.co\/tr\/urunlerin-dogru-kullanimina-iliskin-egitim\/","title":{"rendered":"\u00dcr\u00fcnlerin Do\u011fru Kullan\u0131m\u0131na \u0130li\u015fkin E\u011fitim"},"content":{"rendered":"\t\t<div data-elementor-type=\"wp-page\" data-elementor-id=\"37068\" class=\"elementor elementor-37068\" data-elementor-post-type=\"page\">\n\t\t\t\t\t\t<section data-particle_enable=\"false\" data-particle-mobile-disabled=\"false\" class=\"elementor-section elementor-top-section elementor-element elementor-element-358cf36 elementor-section-boxed elementor-section-height-default elementor-section-height-default\" data-id=\"358cf36\" data-element_type=\"section\">\n\t\t\t\t\t\t<div class=\"elementor-container elementor-column-gap-no\">\n\t\t\t\t\t<div class=\"elementor-column elementor-col-100 elementor-top-column elementor-element elementor-element-528530c\" data-id=\"528530c\" data-element_type=\"column\" data-settings=\"{&quot;background_background&quot;:&quot;classic&quot;}\">\n\t\t\t<div class=\"elementor-widget-wrap elementor-element-populated\">\n\t\t\t\t\t\t<section data-particle_enable=\"false\" data-particle-mobile-disabled=\"false\" class=\"elementor-section elementor-inner-section elementor-element elementor-element-f9d7b73 elementor-section-boxed elementor-section-height-default elementor-section-height-default\" data-id=\"f9d7b73\" data-element_type=\"section\">\n\t\t\t\t\t\t<div class=\"elementor-container elementor-column-gap-no\">\n\t\t\t\t\t<div class=\"elementor-column elementor-col-50 elementor-inner-column elementor-element elementor-element-577b09f\" data-id=\"577b09f\" data-element_type=\"column\">\n\t\t\t<div class=\"elementor-widget-wrap elementor-element-populated\">\n\t\t\t\t\t\t<div class=\"elementor-element elementor-element-729d75b elementor-widget elementor-widget-shortcode\" data-id=\"729d75b\" data-element_type=\"widget\" data-widget_type=\"shortcode.default\">\n\t\t\t\t<div class=\"elementor-widget-container\">\n\t\t\t\t\t\t\t<div class=\"elementor-shortcode\"><nav aria-label=\"breadcrumbs\" class=\"rank-math-breadcrumb\"><p><span class=\"last\">Ana sayfa<\/span><\/p><\/nav><\/div>\n\t\t\t\t\t\t<\/div>\n\t\t\t\t<\/div>\n\t\t\t\t\t<\/div>\n\t\t<\/div>\n\t\t\t\t<div class=\"elementor-column elementor-col-50 elementor-inner-column elementor-element elementor-element-09cdec5\" data-id=\"09cdec5\" data-element_type=\"column\">\n\t\t\t<div class=\"elementor-widget-wrap\">\n\t\t\t\t\t\t\t<\/div>\n\t\t<\/div>\n\t\t\t\t\t<\/div>\n\t\t<\/section>\n\t\t\t\t\t<\/div>\n\t\t<\/div>\n\t\t\t\t\t<\/div>\n\t\t<\/section>\n\t\t\t\t<section data-particle_enable=\"false\" data-particle-mobile-disabled=\"false\" class=\"elementor-section elementor-top-section elementor-element elementor-element-aea11e3 elementor-section-boxed elementor-section-height-default elementor-section-height-default\" data-id=\"aea11e3\" data-element_type=\"section\">\n\t\t\t\t\t\t<div class=\"elementor-container elementor-column-gap-default\">\n\t\t\t\t\t<div class=\"elementor-column elementor-col-33 elementor-top-column elementor-element elementor-element-30ea6e4\" data-id=\"30ea6e4\" data-element_type=\"column\" data-settings=\"{&quot;background_background&quot;:&quot;classic&quot;}\">\n\t\t\t<div class=\"elementor-widget-wrap elementor-element-populated\">\n\t\t\t\t\t\t<div class=\"elementor-element elementor-element-0f7d869 elementor-widget elementor-widget-text-editor\" data-id=\"0f7d869\" data-element_type=\"widget\" data-widget_type=\"text-editor.default\">\n\t\t\t\t<div class=\"elementor-widget-container\">\n\t\t\t\t\t\t\t\t\t.h_iframe-aparat_embed_frame{position:relative;}.h_iframe-aparat_embed_frame .ratio{display:block;width:100%;height:auto;}.h_iframe-aparat_embed_frame iframe{position:absolute;top:0;left:0;width:100%;height:100%;}<div class=\"h_iframe-aparat_embed_frame\"><span style=\"padding-top: 57%\"><\/span><\/div>\t\t\t\t\t\t\t\t<\/div>\n\t\t\t\t<\/div>\n\t\t\t\t<div class=\"elementor-element elementor-element-8312fb9 elementor-widget elementor-widget-text-editor\" data-id=\"8312fb9\" data-element_type=\"widget\" data-widget_type=\"text-editor.default\">\n\t\t\t\t<div class=\"elementor-widget-container\">\n\t\t\t\t\t\t\t\t\t<div class=\"boxMain boxLtr\">PADAB su ge\u00e7irmez \u00e7emberleme macunu ile \u00e7emberleme e\u011fitimi<\/div>\n<div id=\"meanTools\"><\/div>\n\t\t\t\t\t\t\t\t<\/div>\n\t\t\t\t<\/div>\n\t\t\t\t\t<\/div>\n\t\t<\/div>\n\t\t\t\t<div class=\"elementor-column elementor-col-33 elementor-top-column elementor-element elementor-element-b838da8\" data-id=\"b838da8\" data-element_type=\"column\" data-settings=\"{&quot;background_background&quot;:&quot;classic&quot;}\">\n\t\t\t<div class=\"elementor-widget-wrap elementor-element-populated\">\n\t\t\t\t\t\t<div class=\"elementor-element elementor-element-d52eee7 elementor-widget elementor-widget-text-editor\" data-id=\"d52eee7\" data-element_type=\"widget\" data-widget_type=\"text-editor.default\">\n\t\t\t\t<div class=\"elementor-widget-container\">\n\t\t\t\t\t\t\t\t\t.h_iframe-aparat_embed_frame{position:relative;}.h_iframe-aparat_embed_frame .ratio{display:block;width:100%;height:auto;}.h_iframe-aparat_embed_frame iframe{position:absolute;top:0;left:0;width:100%;height:100%;}<div class=\"h_iframe-aparat_embed_frame\"><span style=\"padding-top: 57%\"><\/span><\/div>\t\t\t\t\t\t\t\t<\/div>\n\t\t\t\t<\/div>\n\t\t\t\t<div class=\"elementor-element elementor-element-97fd707 elementor-widget elementor-widget-text-editor\" data-id=\"97fd707\" data-element_type=\"widget\" data-widget_type=\"text-editor.default\">\n\t\t\t\t<div class=\"elementor-widget-container\">\n\t\t\t\t\t\t\t\t\t<p>&#8220;D10 Har\u00e7 Tozu Kullan\u0131m\u0131na \u0130li\u015fkin E\u011fitim&#8221;<\/p>\n\t\t\t\t\t\t\t\t<\/div>\n\t\t\t\t<\/div>\n\t\t\t\t\t<\/div>\n\t\t<\/div>\n\t\t\t\t<div class=\"elementor-column elementor-col-33 elementor-top-column elementor-element elementor-element-b1e0e66\" data-id=\"b1e0e66\" data-element_type=\"column\" data-settings=\"{&quot;background_background&quot;:&quot;classic&quot;}\">\n\t\t\t<div class=\"elementor-widget-wrap elementor-element-populated\">\n\t\t\t\t\t\t<div class=\"elementor-element elementor-element-486fb4a elementor-widget elementor-widget-text-editor\" data-id=\"486fb4a\" data-element_type=\"widget\" data-widget_type=\"text-editor.default\">\n\t\t\t\t<div class=\"elementor-widget-container\">\n\t\t\t\t\t\t\t\t\t.h_iframe-aparat_embed_frame{position:relative;}.h_iframe-aparat_embed_frame .ratio{display:block;width:100%;height:auto;}.h_iframe-aparat_embed_frame iframe{position:absolute;top:0;left:0;width:100%;height:100%;}<div class=\"h_iframe-aparat_embed_frame\"><span style=\"padding-top: 57%\"><\/span><\/div>\t\t\t\t\t\t\t\t<\/div>\n\t\t\t\t<\/div>\n\t\t\t\t<div class=\"elementor-element elementor-element-f25c165 elementor-widget elementor-widget-text-editor\" data-id=\"f25c165\" data-element_type=\"widget\" data-widget_type=\"text-editor.default\">\n\t\t\t\t<div class=\"elementor-widget-container\">\n\t\t\t\t\t\t\t\t\t<p>PBP Seramik Yap\u0131\u015ft\u0131r\u0131c\u0131 Tozu Kullan\u0131m K\u0131lavuzu<\/p>\n\t\t\t\t\t\t\t\t<\/div>\n\t\t\t\t<\/div>\n\t\t\t\t\t<\/div>\n\t\t<\/div>\n\t\t\t\t\t<\/div>\n\t\t<\/section>\n\t\t\t\t<section data-particle_enable=\"false\" data-particle-mobile-disabled=\"false\" class=\"elementor-section elementor-top-section elementor-element elementor-element-89d7f34 elementor-section-boxed elementor-section-height-default elementor-section-height-default\" data-id=\"89d7f34\" data-element_type=\"section\">\n\t\t\t\t\t\t<div class=\"elementor-container elementor-column-gap-default\">\n\t\t\t\t\t<div class=\"elementor-column elementor-col-33 elementor-top-column elementor-element elementor-element-5fcbebd\" data-id=\"5fcbebd\" data-element_type=\"column\" data-settings=\"{&quot;background_background&quot;:&quot;classic&quot;}\">\n\t\t\t<div class=\"elementor-widget-wrap elementor-element-populated\">\n\t\t\t\t\t\t<div class=\"elementor-element elementor-element-18eea8f elementor-widget elementor-widget-text-editor\" data-id=\"18eea8f\" data-element_type=\"widget\" data-widget_type=\"text-editor.default\">\n\t\t\t\t<div class=\"elementor-widget-container\">\n\t\t\t\t\t\t\t\t\t.h_iframe-aparat_embed_frame{position:relative;}.h_iframe-aparat_embed_frame .ratio{display:block;width:100%;height:auto;}.h_iframe-aparat_embed_frame iframe{position:absolute;top:0;left:0;width:100%;height:100%;}<div class=\"h_iframe-aparat_embed_frame\"><span style=\"padding-top: 57%\"><\/span><\/div>\t\t\t\t\t\t\t\t<\/div>\n\t\t\t\t<\/div>\n\t\t\t\t<div class=\"elementor-element elementor-element-72af14d elementor-widget elementor-widget-text-editor\" data-id=\"72af14d\" data-element_type=\"widget\" data-widget_type=\"text-editor.default\">\n\t\t\t\t<div class=\"elementor-widget-container\">\n\t\t\t\t\t\t\t\t\t<p>S\u0131zd\u0131rmazl\u0131k yap\u0131\u015ft\u0131r\u0131c\u0131s\u0131 ve Z90 re\u00e7inesi kullan\u0131larak s\u0131zd\u0131rmazl\u0131k<\/p>\n<p>(Y\u00f6ntem 222)<\/p>\n\t\t\t\t\t\t\t\t<\/div>\n\t\t\t\t<\/div>\n\t\t\t\t\t<\/div>\n\t\t<\/div>\n\t\t\t\t<div class=\"elementor-column elementor-col-33 elementor-top-column elementor-element elementor-element-46200ce\" data-id=\"46200ce\" data-element_type=\"column\" data-settings=\"{&quot;background_background&quot;:&quot;classic&quot;}\">\n\t\t\t<div class=\"elementor-widget-wrap elementor-element-populated\">\n\t\t\t\t\t\t<div class=\"elementor-element elementor-element-96334d0 elementor-widget elementor-widget-text-editor\" data-id=\"96334d0\" data-element_type=\"widget\" data-widget_type=\"text-editor.default\">\n\t\t\t\t<div class=\"elementor-widget-container\">\n\t\t\t\t\t\t\t\t\t.h_iframe-aparat_embed_frame{position:relative;}.h_iframe-aparat_embed_frame .ratio{display:block;width:100%;height:auto;}.h_iframe-aparat_embed_frame iframe{position:absolute;top:0;left:0;width:100%;height:100%;}<div class=\"h_iframe-aparat_embed_frame\"><span style=\"padding-top: 57%\"><\/span><\/div>\t\t\t\t\t\t\t\t<\/div>\n\t\t\t\t<\/div>\n\t\t\t\t<div class=\"elementor-element elementor-element-37c72d8 elementor-widget elementor-widget-text-editor\" data-id=\"37c72d8\" data-element_type=\"widget\" data-widget_type=\"text-editor.default\">\n\t\t\t\t<div class=\"elementor-widget-container\">\n\t\t\t\t\t\t\t\t\t<p>Bir dakikadan k\u0131sa s\u00fcrede g\u00f6r\u00fcn\u00fcr su ak\u0131\u015f\u0131n\u0131 \u00f6nleyin H\u0131zl\u0131 sertle\u015fen toz MA700 ile<\/p>\n\t\t\t\t\t\t\t\t<\/div>\n\t\t\t\t<\/div>\n\t\t\t\t\t<\/div>\n\t\t<\/div>\n\t\t\t\t<div class=\"elementor-column elementor-col-33 elementor-top-column elementor-element elementor-element-799c87f\" data-id=\"799c87f\" data-element_type=\"column\" data-settings=\"{&quot;background_background&quot;:&quot;classic&quot;}\">\n\t\t\t<div class=\"elementor-widget-wrap elementor-element-populated\">\n\t\t\t\t\t\t<div class=\"elementor-element elementor-element-078d1c1 elementor-widget elementor-widget-text-editor\" data-id=\"078d1c1\" data-element_type=\"widget\" data-widget_type=\"text-editor.default\">\n\t\t\t\t<div class=\"elementor-widget-container\">\n\t\t\t\t\t\t\t\t\t.h_iframe-aparat_embed_frame{position:relative;}.h_iframe-aparat_embed_frame .ratio{display:block;width:100%;height:auto;}.h_iframe-aparat_embed_frame iframe{position:absolute;top:0;left:0;width:100%;height:100%;}<div class=\"h_iframe-aparat_embed_frame\"><span style=\"padding-top: 57%\"><\/span><\/div>\t\t\t\t\t\t\t\t<\/div>\n\t\t\t\t<\/div>\n\t\t\t\t<div class=\"elementor-element elementor-element-5ed58b9 elementor-widget elementor-widget-text-editor\" data-id=\"5ed58b9\" data-element_type=\"widget\" data-widget_type=\"text-editor.default\">\n\t\t\t\t<div class=\"elementor-widget-container\">\n\t\t\t\t\t\t\t\t\t<p>Y\u00fczde y\u00fcz su yal\u0131t\u0131m\u0131, t\u00fcm ge\u00e7irgen y\u00fczeyler<\/p>\n<p>S\u0131zd\u0131rmazl\u0131k yap\u0131\u015ft\u0131r\u0131c\u0131s\u0131 ve Z90 re\u00e7inesi ile<\/p>\n\t\t\t\t\t\t\t\t<\/div>\n\t\t\t\t<\/div>\n\t\t\t\t\t<\/div>\n\t\t<\/div>\n\t\t\t\t\t<\/div>\n\t\t<\/section>\n\t\t\t\t<\/div>\n\t\t","protected":false},"excerpt":{"rendered":"<p>.h_iframe-aparat_embed_frame{position:relative;}.h_iframe-aparat_embed_frame .ratio{display:block;width:100%;height:auto;}.h_iframe-aparat_embed_frame iframe{position:absolute;top:0;left:0;width:100%;height:100%;}PADAB su ge\u00e7irmez \u00e7emberleme macunu ile \u00e7emberleme e\u011fitimi .h_iframe-aparat_embed_frame{position:relative;}.h_iframe-aparat_embed_frame .ratio{display:block;width:100%;height:auto;}.h_iframe-aparat_embed_frame iframe{position:absolute;top:0;left:0;width:100%;height:100%;} &#8220;D10 Har\u00e7 Tozu Kullan\u0131m\u0131na \u0130li\u015fkin E\u011fitim&#8221; .h_iframe-aparat_embed_frame{position:relative;}.h_iframe-aparat_embed_frame .ratio{display:block;width:100%;height:auto;}.h_iframe-aparat_embed_frame iframe{position:absolute;top:0;left:0;width:100%;height:100%;} PBP Seramik Yap\u0131\u015ft\u0131r\u0131c\u0131 Tozu Kullan\u0131m K\u0131lavuzu .h_iframe-aparat_embed_frame{position:relative;}.h_iframe-aparat_embed_frame .ratio{display:block;width:100%;height:auto;}.h_iframe-aparat_embed_frame iframe{position:absolute;top:0;left:0;width:100%;height:100%;} S\u0131zd\u0131rmazl\u0131k yap\u0131\u015ft\u0131r\u0131c\u0131s\u0131 ve Z90 re\u00e7inesi kullan\u0131larak s\u0131zd\u0131rmazl\u0131k (Y\u00f6ntem 222) .h_iframe-aparat_embed_frame{position:relative;}.h_iframe-aparat_embed_frame .ratio{display:block;width:100%;height:auto;}.h_iframe-aparat_embed_frame iframe{position:absolute;top:0;left:0;width:100%;height:100%;} Bir dakikadan k\u0131sa s\u00fcrede g\u00f6r\u00fcn\u00fcr su ak\u0131\u015f\u0131n\u0131 \u00f6nleyin H\u0131zl\u0131 sertle\u015fen toz MA700 [&hellip;]<\/p>\n","protected":false},"author":4,"featured_media":0,"parent":0,"menu_order":0,"comment_status":"closed","ping_status":"closed","template":"elementor_header_footer","meta":{"footnotes":""},"class_list":["post-37068","page","type-page","status-publish","hentry"],"_links":{"self":[{"href":"https:\/\/nsgco.co\/tr\/wp-json\/wp\/v2\/pages\/37068","targetHints":{"allow":["GET"]}}],"collection":[{"href":"https:\/\/nsgco.co\/tr\/wp-json\/wp\/v2\/pages"}],"about":[{"href":"https:\/\/nsgco.co\/tr\/wp-json\/wp\/v2\/types\/page"}],"author":[{"embeddable":true,"href":"https:\/\/nsgco.co\/tr\/wp-json\/wp\/v2\/users\/4"}],"replies":[{"embeddable":true,"href":"https:\/\/nsgco.co\/tr\/wp-json\/wp\/v2\/comments?post=37068"}],"version-history":[{"count":4,"href":"https:\/\/nsgco.co\/tr\/wp-json\/wp\/v2\/pages\/37068\/revisions"}],"predecessor-version":[{"id":41510,"href":"https:\/\/nsgco.co\/tr\/wp-json\/wp\/v2\/pages\/37068\/revisions\/41510"}],"wp:attachment":[{"href":"https:\/\/nsgco.co\/tr\/wp-json\/wp\/v2\/media?parent=37068"}],"curies":[{"name":"wp","href":"https:\/\/api.w.org\/{rel}","templated":true}]}}