{"id":37245,"date":"2025-04-23T11:40:08","date_gmt":"2025-04-23T08:10:08","guid":{"rendered":"https:\/\/nsgco.ir\/nsg\/tr\/?page_id=37245"},"modified":"2025-08-17T11:44:01","modified_gmt":"2025-08-17T08:14:01","slug":"yurtdisi-satis-acenteligi-alinmasi","status":"publish","type":"page","link":"https:\/\/nsgco.co\/tr\/yurtdisi-satis-acenteligi-alinmasi\/","title":{"rendered":"Yurtd\u0131\u015f\u0131 sat\u0131\u015f acenteli\u011fi al\u0131nmas\u0131"},"content":{"rendered":"\t\t<div data-elementor-type=\"wp-page\" data-elementor-id=\"37245\" class=\"elementor elementor-37245\" data-elementor-post-type=\"page\">\n\t\t\t\t\t\t<section data-particle_enable=\"false\" data-particle-mobile-disabled=\"false\" class=\"elementor-section elementor-top-section elementor-element elementor-element-67bad2d elementor-section-boxed elementor-section-height-default elementor-section-height-default\" data-id=\"67bad2d\" data-element_type=\"section\">\n\t\t\t\t\t\t<div class=\"elementor-container elementor-column-gap-no\">\n\t\t\t\t\t<div class=\"elementor-column elementor-col-100 elementor-top-column elementor-element elementor-element-1bbe909\" data-id=\"1bbe909\" data-element_type=\"column\" data-settings=\"{&quot;background_background&quot;:&quot;classic&quot;}\">\n\t\t\t<div class=\"elementor-widget-wrap elementor-element-populated\">\n\t\t\t\t\t\t<section data-particle_enable=\"false\" data-particle-mobile-disabled=\"false\" class=\"elementor-section elementor-inner-section elementor-element elementor-element-bb72078 elementor-section-boxed elementor-section-height-default elementor-section-height-default\" data-id=\"bb72078\" data-element_type=\"section\">\n\t\t\t\t\t\t<div class=\"elementor-container elementor-column-gap-no\">\n\t\t\t\t\t<div class=\"elementor-column elementor-col-50 elementor-inner-column elementor-element elementor-element-4ec37bd\" data-id=\"4ec37bd\" data-element_type=\"column\">\n\t\t\t<div class=\"elementor-widget-wrap elementor-element-populated\">\n\t\t\t\t\t\t<div class=\"elementor-element elementor-element-9e7348d elementor-widget elementor-widget-shortcode\" data-id=\"9e7348d\" data-element_type=\"widget\" data-widget_type=\"shortcode.default\">\n\t\t\t\t<div class=\"elementor-widget-container\">\n\t\t\t\t\t\t\t<div class=\"elementor-shortcode\"><nav aria-label=\"breadcrumbs\" class=\"rank-math-breadcrumb\"><p><span class=\"last\">Ana sayfa<\/span><\/p><\/nav><\/div>\n\t\t\t\t\t\t<\/div>\n\t\t\t\t<\/div>\n\t\t\t\t\t<\/div>\n\t\t<\/div>\n\t\t\t\t<div class=\"elementor-column elementor-col-50 elementor-inner-column elementor-element elementor-element-063b9da\" data-id=\"063b9da\" data-element_type=\"column\">\n\t\t\t<div class=\"elementor-widget-wrap\">\n\t\t\t\t\t\t\t<\/div>\n\t\t<\/div>\n\t\t\t\t\t<\/div>\n\t\t<\/section>\n\t\t\t\t\t<\/div>\n\t\t<\/div>\n\t\t\t\t\t<\/div>\n\t\t<\/section>\n\t\t\t\t<section data-particle_enable=\"false\" data-particle-mobile-disabled=\"false\" class=\"elementor-section elementor-top-section elementor-element elementor-element-816d340 elementor-section-boxed elementor-section-height-default elementor-section-height-default\" data-id=\"816d340\" data-element_type=\"section\">\n\t\t\t\t\t\t<div class=\"elementor-container elementor-column-gap-default\">\n\t\t\t\t\t<div class=\"elementor-column elementor-col-100 elementor-top-column elementor-element elementor-element-8194115\" data-id=\"8194115\" data-element_type=\"column\" data-settings=\"{&quot;background_background&quot;:&quot;classic&quot;}\">\n\t\t\t<div class=\"elementor-widget-wrap elementor-element-populated\">\n\t\t\t\t\t\t<div class=\"elementor-element elementor-element-15a0882 elementor-widget elementor-widget-heading\" data-id=\"15a0882\" data-element_type=\"widget\" data-widget_type=\"heading.default\">\n\t\t\t\t<div class=\"elementor-widget-container\">\n\t\t\t\t\t<h2 class=\"elementor-heading-title elementor-size-default\">Yurtd\u0131\u015f\u0131 sat\u0131\u015f acenteli\u011fi al\u0131nmas\u0131<\/h2>\t\t\t\t<\/div>\n\t\t\t\t<\/div>\n\t\t\t\t<div class=\"elementor-element elementor-element-7301bbc elementor-widget elementor-widget-text-editor\" data-id=\"7301bbc\" data-element_type=\"widget\" data-widget_type=\"text-editor.default\">\n\t\t\t\t<div class=\"elementor-widget-container\">\n\t\t\t\t\t\t\t\t\t<p>NSG \u00fcr\u00fcnlerinin sat\u0131\u015f acenteli\u011fini almak i\u00e7in a\u015fa\u011f\u0131daki bilgileri doldurun.<\/p>\n\t\t\t\t\t\t\t\t<\/div>\n\t\t\t\t<\/div>\n\t\t\t\t<div class=\"elementor-element elementor-element-5835187 elementor-button-align-start elementor-widget elementor-widget-form\" data-id=\"5835187\" data-element_type=\"widget\" data-settings=\"{&quot;step_next_label&quot;:&quot;\\u0628\\u0639\\u062f\\u06cc&quot;,&quot;step_previous_label&quot;:&quot;\\u0642\\u0628\\u0644&quot;,&quot;button_width&quot;:&quot;100&quot;,&quot;step_type&quot;:&quot;number_text&quot;,&quot;step_icon_shape&quot;:&quot;circle&quot;}\" data-widget_type=\"form.default\">\n\t\t\t\t<div class=\"elementor-widget-container\">\n\t\t\t\t\t\t\t<form class=\"elementor-form\" method=\"post\" name=\"Yabanc\u0131 sat\u0131\u015f acentesi formu\" aria-label=\"Yabanc\u0131 sat\u0131\u015f acentesi formu\" novalidate=\"\">\n\t\t\t<input type=\"hidden\" name=\"post_id\" value=\"37245\"\/>\n\t\t\t<input type=\"hidden\" name=\"form_id\" value=\"5835187\"\/>\n\t\t\t<input type=\"hidden\" name=\"referer_title\" value=\"Yurtd\u0131\u015f\u0131 sat\u0131\u015f acenteli\u011fi al\u0131nmas\u0131\" \/>\n\n\t\t\t\t\t\t\t<input type=\"hidden\" name=\"queried_id\" value=\"37245\"\/>\n\t\t\t\n\t\t\t<div class=\"elementor-form-fields-wrapper elementor-labels-above\">\n\t\t\t\t\t\t\t\t<div class=\"elementor-field-type-text elementor-field-group elementor-column elementor-field-group-field_5c91fea elementor-col-50 elementor-field-required\">\n\t\t\t\t\t\t\t\t\t\t\t\t<label for=\"form-field-field_5c91fea\" class=\"elementor-field-label\">\n\t\t\t\t\t\t\t\tAd Soyad\u0131\t\t\t\t\t\t\t<\/label>\n\t\t\t\t\t\t\t\t\t\t\t\t\t\t<input size=\"1\" type=\"text\" name=\"form_fields[field_5c91fea]\" id=\"form-field-field_5c91fea\" class=\"elementor-field elementor-size-sm  elementor-field-textual\" placeholder=\"Ad Soyad\u0131\" required=\"required\">\n\t\t\t\t\t\t\t\t\t\t\t<\/div>\n\t\t\t\t\t\t\t\t<div class=\"elementor-field-type-text elementor-field-group elementor-column elementor-field-group-name elementor-col-50 elementor-field-required\">\n\t\t\t\t\t\t\t\t\t\t\t\t<label for=\"form-field-name\" class=\"elementor-field-label\">\n\t\t\t\t\t\t\t\tTalep edilen \u00fclke\t\t\t\t\t\t\t<\/label>\n\t\t\t\t\t\t\t\t\t\t\t\t\t\t<input size=\"1\" type=\"text\" name=\"form_fields[name]\" id=\"form-field-name\" class=\"elementor-field elementor-size-sm  elementor-field-textual\" placeholder=\"Talep edilen \u00fclke\" required=\"required\">\n\t\t\t\t\t\t\t\t\t\t\t<\/div>\n\t\t\t\t\t\t\t\t<div class=\"elementor-field-type-text elementor-field-group elementor-column elementor-field-group-field_d4c209e elementor-col-50 elementor-field-required\">\n\t\t\t\t\t\t\t\t\t\t\t\t<label for=\"form-field-field_d4c209e\" class=\"elementor-field-label\">\n\t\t\t\t\t\t\t\tcep numaras\u0131\t\t\t\t\t\t\t<\/label>\n\t\t\t\t\t\t\t\t\t\t\t\t\t\t<input size=\"1\" type=\"text\" name=\"form_fields[field_d4c209e]\" id=\"form-field-field_d4c209e\" class=\"elementor-field elementor-size-sm  elementor-field-textual\" placeholder=\"cep numaras\u0131\" required=\"required\">\n\t\t\t\t\t\t\t\t\t\t\t<\/div>\n\t\t\t\t\t\t\t\t<div class=\"elementor-field-type-email elementor-field-group elementor-column elementor-field-group-email elementor-col-50 elementor-field-required\">\n\t\t\t\t\t\t\t\t\t\t\t\t<label for=\"form-field-email\" class=\"elementor-field-label\">\n\t\t\t\t\t\t\t\tE-posta\t\t\t\t\t\t\t<\/label>\n\t\t\t\t\t\t\t\t\t\t\t\t\t\t<input size=\"1\" type=\"email\" name=\"form_fields[email]\" id=\"form-field-email\" class=\"elementor-field elementor-size-sm  elementor-field-textual\" placeholder=\"E-posta\" required=\"required\">\n\t\t\t\t\t\t\t\t\t\t\t<\/div>\n\t\t\t\t\t\t\t\t<div class=\"elementor-field-type-text elementor-field-group elementor-column elementor-field-group-message elementor-col-50 elementor-field-required\">\n\t\t\t\t\t\t\t\t\t\t\t\t<label for=\"form-field-message\" class=\"elementor-field-label\">\n\t\t\t\t\t\t\t\tBa\u015fvuru sahibinin uyru\u011fu\t\t\t\t\t\t\t<\/label>\n\t\t\t\t\t\t\t\t\t\t\t\t\t\t<input size=\"1\" type=\"text\" name=\"form_fields[message]\" id=\"form-field-message\" class=\"elementor-field elementor-size-sm  elementor-field-textual\" placeholder=\"Ba\u015fvuru sahibinin uyru\u011fu\" required=\"required\">\n\t\t\t\t\t\t\t\t\t\t\t<\/div>\n\t\t\t\t\t\t\t\t<div class=\"elementor-field-type-text elementor-field-group elementor-column elementor-field-group-field_1d0ad32 elementor-col-100 elementor-field-required\">\n\t\t\t\t\t\t\t\t\t\t\t\t<label for=\"form-field-field_1d0ad32\" class=\"elementor-field-label\">\n\t\t\t\t\t\t\t\tTalep etti\u011finiz \u00fclkede aktif bir i\u015f yeriniz var m\u0131?\t\t\t\t\t\t\t<\/label>\n\t\t\t\t\t\t\t\t\t\t\t\t\t\t<input size=\"1\" type=\"text\" name=\"form_fields[field_1d0ad32]\" id=\"form-field-field_1d0ad32\" class=\"elementor-field elementor-size-sm  elementor-field-textual\" placeholder=\"Talep etti\u011finiz \u00fclkede aktif bir i\u015f yeriniz var m\u0131?\" required=\"required\">\n\t\t\t\t\t\t\t\t\t\t\t<\/div>\n\t\t\t\t\t\t\t\t<div class=\"elementor-field-type-text elementor-field-group elementor-column elementor-field-group-field_13ab25b elementor-col-100 elementor-field-required\">\n\t\t\t\t\t\t\t\t\t\t\t\t<label for=\"form-field-field_13ab25b\" class=\"elementor-field-label\">\n\t\t\t\t\t\t\t\tTalep etti\u011finiz \u00fclkenin \u00e7evrimi\u00e7i ma\u011fazalar\u0131nda aktif misiniz?\t\t\t\t\t\t\t<\/label>\n\t\t\t\t\t\t\t\t\t\t\t\t\t\t<input size=\"1\" type=\"text\" name=\"form_fields[field_13ab25b]\" id=\"form-field-field_13ab25b\" class=\"elementor-field elementor-size-sm  elementor-field-textual\" placeholder=\"Talep etti\u011finiz \u00fclkenin \u00e7evrimi\u00e7i ma\u011fazalar\u0131nda aktif misiniz?\" required=\"required\">\n\t\t\t\t\t\t\t\t\t\t\t<\/div>\n\t\t\t\t\t\t\t\t<div class=\"elementor-field-type-text elementor-field-group elementor-column elementor-field-group-field_0a8d1c0 elementor-col-100 elementor-field-required\">\n\t\t\t\t\t\t\t\t\t\t\t\t<label for=\"form-field-field_0a8d1c0\" class=\"elementor-field-label\">\n\t\t\t\t\t\t\t\t\u0130stedi\u011finiz \u00fclkede mal satma lisans\u0131n\u0131z var m\u0131?\t\t\t\t\t\t\t<\/label>\n\t\t\t\t\t\t\t\t\t\t\t\t\t\t<input size=\"1\" type=\"text\" name=\"form_fields[field_0a8d1c0]\" id=\"form-field-field_0a8d1c0\" class=\"elementor-field elementor-size-sm  elementor-field-textual\" placeholder=\"\u0130stedi\u011finiz \u00fclkede mal satma lisans\u0131n\u0131z var m\u0131?\" required=\"required\">\n\t\t\t\t\t\t\t\t\t\t\t<\/div>\n\t\t\t\t\t\t\t\t<div class=\"elementor-field-group elementor-column elementor-field-type-submit elementor-col-100 e-form__buttons\">\n\t\t\t\t\t<button class=\"elementor-button elementor-size-sm\" type=\"submit\">\n\t\t\t\t\t\t<span class=\"elementor-button-content-wrapper\">\n\t\t\t\t\t\t\t\t\t\t\t\t\t\t\t\t\t\t\t\t\t\t<span class=\"elementor-button-text\">Kay\u0131t isteyin<\/span>\n\t\t\t\t\t\t\t\t\t\t\t\t\t<\/span>\n\t\t\t\t\t<\/button>\n\t\t\t\t<\/div>\n\t\t\t<\/div>\n\t\t<\/form>\n\t\t\t\t\t\t<\/div>\n\t\t\t\t<\/div>\n\t\t\t\t<section data-particle_enable=\"false\" data-particle-mobile-disabled=\"false\" class=\"elementor-section elementor-inner-section elementor-element elementor-element-6fd0ea8 elementor-section-boxed elementor-section-height-default elementor-section-height-default\" data-id=\"6fd0ea8\" data-element_type=\"section\">\n\t\t\t\t\t\t<div class=\"elementor-container elementor-column-gap-default\">\n\t\t\t\t\t<div class=\"elementor-column elementor-col-100 elementor-inner-column elementor-element elementor-element-9c38375\" data-id=\"9c38375\" data-element_type=\"column\" data-settings=\"{&quot;background_background&quot;:&quot;classic&quot;}\">\n\t\t\t<div class=\"elementor-widget-wrap elementor-element-populated\">\n\t\t\t\t\t\t<div class=\"elementor-element elementor-element-5ba6a35 elementor-icon-list--layout-traditional elementor-list-item-link-full_width elementor-widget elementor-widget-icon-list\" data-id=\"5ba6a35\" data-element_type=\"widget\" data-widget_type=\"icon-list.default\">\n\t\t\t\t<div class=\"elementor-widget-container\">\n\t\t\t\t\t\t\t<ul class=\"elementor-icon-list-items\">\n\t\t\t\t\t\t\t<li class=\"elementor-icon-list-item\">\n\t\t\t\t\t\t\t\t\t\t\t<span class=\"elementor-icon-list-icon\">\n\t\t\t\t\t\t\t<svg xmlns=\"http:\/\/www.w3.org\/2000\/svg\" fill=\"#ffffff\" width=\"800px\" height=\"800px\" viewBox=\"-16 0 512 512\"><g id=\"SVGRepo_bgCarrier\" stroke-width=\"0\"><\/g><g id=\"SVGRepo_tracerCarrier\" stroke-linecap=\"round\" stroke-linejoin=\"round\"><\/g><g id=\"SVGRepo_iconCarrier\"><path d=\"M471.99 334.43L336.06 256l135.93-78.43c7.66-4.42 10.28-14.2 5.86-21.86l-32.02-55.43c-4.42-7.65-14.21-10.28-21.87-5.86l-135.93 78.43V16c0-8.84-7.17-16-16.01-16h-64.04c-8.84 0-16.01 7.16-16.01 16v156.86L56.04 94.43c-7.66-4.42-17.45-1.79-21.87 5.86L2.15 155.71c-4.42 7.65-1.8 17.44 5.86 21.86L143.94 256 8.01 334.43c-7.66 4.42-10.28 14.21-5.86 21.86l32.02 55.43c4.42 7.65 14.21 10.27 21.87 5.86l135.93-78.43V496c0 8.84 7.17 16 16.01 16h64.04c8.84 0 16.01-7.16 16.01-16V339.14l135.93 78.43c7.66 4.42 17.45 1.8 21.87-5.86l32.02-55.43c4.42-7.65 1.8-17.43-5.86-21.85z\"><\/path><\/g><\/svg>\t\t\t\t\t\t<\/span>\n\t\t\t\t\t\t\t\t\t\t<span class=\"elementor-icon-list-text\">\u00f6nemli<\/span>\n\t\t\t\t\t\t\t\t\t<\/li>\n\t\t\t\t\t\t<\/ul>\n\t\t\t\t\t\t<\/div>\n\t\t\t\t<\/div>\n\t\t\t\t<div class=\"elementor-element elementor-element-40870d0 elementor-icon-list--layout-traditional elementor-list-item-link-full_width elementor-widget elementor-widget-icon-list\" data-id=\"40870d0\" data-element_type=\"widget\" data-widget_type=\"icon-list.default\">\n\t\t\t\t<div class=\"elementor-widget-container\">\n\t\t\t\t\t\t\t<ul class=\"elementor-icon-list-items\">\n\t\t\t\t\t\t\t<li class=\"elementor-icon-list-item\">\n\t\t\t\t\t\t\t\t\t\t\t<span class=\"elementor-icon-list-icon\">\n\t\t\t\t\t\t\t<svg xmlns=\"http:\/\/www.w3.org\/2000\/svg\" width=\"800px\" height=\"800px\" viewBox=\"0 0 24 24\" id=\"meteor-icon-kit__regular-chevron-circle-left\" fill=\"none\" transform=\"matrix(-1, 0, 0, 1, 0, 0)\"><g id=\"SVGRepo_bgCarrier\" stroke-width=\"0\"><\/g><g id=\"SVGRepo_tracerCarrier\" stroke-linecap=\"round\" stroke-linejoin=\"round\"><\/g><g id=\"SVGRepo_iconCarrier\"><path fill-rule=\"evenodd\" clip-rule=\"evenodd\" d=\"M12 24C5.37258 24 0 18.6274 0 12C0 5.37258 5.37258 0 12 0C18.6274 0 24 5.37258 24 12C24 18.6274 18.6274 24 12 24ZM2 12C2 17.5228 6.47715 22 12 22C17.5228 22 22 17.5228 22 12C22 6.47715 17.5228 2 12 2C6.47715 2 2 6.47715 2 12ZM14.0503 8.41421L10.5147 11.9497L14.0503 15.4853C14.4408 15.8758 14.4408 16.509 14.0503 16.8995C13.6597 17.29 13.0266 17.29 12.636 16.8995L8.3934 12.6569C8.00287 12.2663 8.00287 11.6332 8.3934 11.2426L12.636 7C13.0266 6.60948 13.6597 6.60948 14.0503 7C14.4408 7.39052 14.4408 8.02369 14.0503 8.41421Z\" fill=\"#ffffff\"><\/path><\/g><\/svg>\t\t\t\t\t\t<\/span>\n\t\t\t\t\t\t\t\t\t\t<span class=\"elementor-icon-list-text\">\u00dcr\u00fcn teslimat\u0131, \u015firketin en yak\u0131n fabrikas\u0131 veya da\u011f\u0131t\u0131m depolar\u0131n\u0131n kap\u0131s\u0131nda yap\u0131l\u0131r.<\/span>\n\t\t\t\t\t\t\t\t\t<\/li>\n\t\t\t\t\t\t\t\t<li class=\"elementor-icon-list-item\">\n\t\t\t\t\t\t\t\t\t\t\t<span class=\"elementor-icon-list-icon\">\n\t\t\t\t\t\t\t<svg xmlns=\"http:\/\/www.w3.org\/2000\/svg\" width=\"800px\" height=\"800px\" viewBox=\"0 0 24 24\" id=\"meteor-icon-kit__regular-chevron-circle-left\" fill=\"none\" transform=\"matrix(-1, 0, 0, 1, 0, 0)\"><g id=\"SVGRepo_bgCarrier\" stroke-width=\"0\"><\/g><g id=\"SVGRepo_tracerCarrier\" stroke-linecap=\"round\" stroke-linejoin=\"round\"><\/g><g id=\"SVGRepo_iconCarrier\"><path fill-rule=\"evenodd\" clip-rule=\"evenodd\" d=\"M12 24C5.37258 24 0 18.6274 0 12C0 5.37258 5.37258 0 12 0C18.6274 0 24 5.37258 24 12C24 18.6274 18.6274 24 12 24ZM2 12C2 17.5228 6.47715 22 12 22C17.5228 22 22 17.5228 22 12C22 6.47715 17.5228 2 12 2C6.47715 2 2 6.47715 2 12ZM14.0503 8.41421L10.5147 11.9497L14.0503 15.4853C14.4408 15.8758 14.4408 16.509 14.0503 16.8995C13.6597 17.29 13.0266 17.29 12.636 16.8995L8.3934 12.6569C8.00287 12.2663 8.00287 11.6332 8.3934 11.2426L12.636 7C13.0266 6.60948 13.6597 6.60948 14.0503 7C14.4408 7.39052 14.4408 8.02369 14.0503 8.41421Z\" fill=\"#ffffff\"><\/path><\/g><\/svg>\t\t\t\t\t\t<\/span>\n\t\t\t\t\t\t\t\t\t\t<span class=\"elementor-icon-list-text\">\u0130ran s\u0131n\u0131rlar\u0131na kadar nakliye ve kargo masraflar\u0131n\u0131 kar\u015f\u0131lamak al\u0131c\u0131n\u0131n sorumlulu\u011fundad\u0131r<\/span>\n\t\t\t\t\t\t\t\t\t<\/li>\n\t\t\t\t\t\t<\/ul>\n\t\t\t\t\t\t<\/div>\n\t\t\t\t<\/div>\n\t\t\t\t\t<\/div>\n\t\t<\/div>\n\t\t\t\t\t<\/div>\n\t\t<\/section>\n\t\t\t\t\t<\/div>\n\t\t<\/div>\n\t\t\t\t\t<\/div>\n\t\t<\/section>\n\t\t\t\t<\/div>\n\t\t","protected":false},"excerpt":{"rendered":"<p>Yurtd\u0131\u015f\u0131 sat\u0131\u015f acenteli\u011fi al\u0131nmas\u0131 NSG \u00fcr\u00fcnlerinin sat\u0131\u015f acenteli\u011fini almak i\u00e7in a\u015fa\u011f\u0131daki bilgileri doldurun. \u00f6nemli \u00dcr\u00fcn teslimat\u0131, \u015firketin en yak\u0131n fabrikas\u0131 veya da\u011f\u0131t\u0131m depolar\u0131n\u0131n kap\u0131s\u0131nda yap\u0131l\u0131r. \u0130ran s\u0131n\u0131rlar\u0131na kadar nakliye ve kargo masraflar\u0131n\u0131 kar\u015f\u0131lamak al\u0131c\u0131n\u0131n sorumlulu\u011fundad\u0131r<\/p>\n","protected":false},"author":4,"featured_media":0,"parent":0,"menu_order":0,"comment_status":"closed","ping_status":"closed","template":"elementor_header_footer","meta":{"footnotes":""},"class_list":["post-37245","page","type-page","status-publish","hentry"],"_links":{"self":[{"href":"https:\/\/nsgco.co\/tr\/wp-json\/wp\/v2\/pages\/37245","targetHints":{"allow":["GET"]}}],"collection":[{"href":"https:\/\/nsgco.co\/tr\/wp-json\/wp\/v2\/pages"}],"about":[{"href":"https:\/\/nsgco.co\/tr\/wp-json\/wp\/v2\/types\/page"}],"author":[{"embeddable":true,"href":"https:\/\/nsgco.co\/tr\/wp-json\/wp\/v2\/users\/4"}],"replies":[{"embeddable":true,"href":"https:\/\/nsgco.co\/tr\/wp-json\/wp\/v2\/comments?post=37245"}],"version-history":[{"count":1,"href":"https:\/\/nsgco.co\/tr\/wp-json\/wp\/v2\/pages\/37245\/revisions"}],"predecessor-version":[{"id":39048,"href":"https:\/\/nsgco.co\/tr\/wp-json\/wp\/v2\/pages\/37245\/revisions\/39048"}],"wp:attachment":[{"href":"https:\/\/nsgco.co\/tr\/wp-json\/wp\/v2\/media?parent=37245"}],"curies":[{"name":"wp","href":"https:\/\/api.w.org\/{rel}","templated":true}]}}